{"id":995,"date":"2021-06-29T11:01:40","date_gmt":"2021-06-29T11:01:40","guid":{"rendered":"https:\/\/insyte.es\/servicios\/reparacion\/"},"modified":"2023-10-17T07:55:10","modified_gmt":"2023-10-17T07:55:10","slug":"reparation-et-de-maintenance","status":"publish","type":"page","link":"https:\/\/insyte.es\/fr\/services\/reparation-et-de-maintenance\/","title":{"rendered":"R\u00e9paration et de maintenance"},"content":{"rendered":"<p>[et_pb_section fb_built=\u00a0\u00bb1&Prime; _builder_version=\u00a0\u00bb4.16&Prime; _module_preset=\u00a0\u00bbdefault\u00a0\u00bb global_colors_info=\u00a0\u00bb{}\u00a0\u00bb][et_pb_row column_structure=\u00a0\u00bb1_2,1_2&Prime; _builder_version=\u00a0\u00bb4.16&Prime; _module_preset=\u00a0\u00bbdefault\u00a0\u00bb global_colors_info=\u00a0\u00bb{}\u00a0\u00bb][et_pb_column type=\u00a0\u00bb1_2&Prime; _builder_version=\u00a0\u00bb4.16&Prime; _module_preset=\u00a0\u00bbdefault\u00a0\u00bb global_colors_info=\u00a0\u00bb{}\u00a0\u00bb][et_pb_text ul_type=\u00a0\u00bbcircle\u00a0\u00bb module_id=\u00a0\u00bbservicios\u00a0\u00bb _builder_version=\u00a0\u00bb4.16&Prime; _module_preset=\u00a0\u00bbdefault\u00a0\u00bb text_font_size=\u00a0\u00bb18px\u00a0\u00bb text_line_height=\u00a0\u00bb1.5em\u00a0\u00bb ul_text_color=\u00a0\u00bb#2565ad\u00a0\u00bb global_colors_info=\u00a0\u00bb{}\u00a0\u00bb]Chez Insyte S.A., nous nous occupons du service apr\u00e8s-vente, afin de maintenir la fiabilit\u00e9 et de suivre les normes de qualit\u00e9 les plus strictes. Pour cela, nous nous occupons de la r\u00e9paration des cartes, des \u00e9quipements et du c\u00e2blage. Nous nous occupons de tout le processus, de la collecte \u00e0 la livraison avec rapport de r\u00e9paration. Stock de remplacement et r\u00e9parations dans les 24, 48 et 72 heures.[\/et_pb_text][\/et_pb_column][et_pb_column type=\u00a0\u00bb1_2&Prime; _builder_version=\u00a0\u00bb4.16&Prime; _module_preset=\u00a0\u00bbdefault\u00a0\u00bb global_colors_info=\u00a0\u00bb{}\u00a0\u00bb][et_pb_text ul_type=\u00a0\u00bbcircle\u00a0\u00bb module_id=\u00a0\u00bbservicios\u00a0\u00bb _builder_version=\u00a0\u00bb4.16&Prime; _module_preset=\u00a0\u00bbdefault\u00a0\u00bb ul_text_color=\u00a0\u00bb#2565ad\u00a0\u00bb global_colors_info=\u00a0\u00bb{}\u00a0\u00bb]<\/p>\n<ul>\n<li><span style=\"color: #333333;\">R\u00e9paration des \u00e9quipements : au niveau des composants ou des modules.<\/span><\/li>\n<li><span style=\"color: #333333;\">R\u00e9paration du c\u00e2blage : remplacement des connecteurs, \u00e9pissures, etc.<\/span><\/li>\n<li><span style=\"color: #333333;\">Garantie de r\u00e9paration.<\/span><\/li>\n<li><span style=\"color: #333333;\">Capacit\u00e9 d&rsquo;installation de l&rsquo;\u00e9quipement.<\/span><\/li>\n<li><span style=\"color: #333333;\">Recherchez les composants obsol\u00e8tes et recherchez des composants alternatifs.<\/span><\/li>\n<li><span style=\"color: #333333;\">Test des produits r\u00e9par\u00e9s.<\/span><\/li>\n<li><span style=\"color: #333333;\">Capacit\u00e9 de r\u00e9paration in situ du c\u00e2blage.<\/span><\/li>\n<\/ul>\n<p>[\/et_pb_text][\/et_pb_column][\/et_pb_row][et_pb_row column_structure=\u00a0\u00bb1_3,1_3,1_3&Prime; make_equal=\u00a0\u00bbon\u00a0\u00bb _builder_version=\u00a0\u00bb4.16&Prime; _module_preset=\u00a0\u00bbdefault\u00a0\u00bb max_width=\u00a0\u00bb2560px\u00a0\u00bb global_colors_info=\u00a0\u00bb{}\u00a0\u00bb][et_pb_column type=\u00a0\u00bb1_3&Prime; _builder_version=\u00a0\u00bb4.16&Prime; _module_preset=\u00a0\u00bbdefault\u00a0\u00bb global_colors_info=\u00a0\u00bb{}\u00a0\u00bb][et_pb_image src=\u00a0\u00bbhttps:\/\/insyte.es\/wp-content\/uploads\/2021\/07\/reparacion-de-componentes-electronicos.jpg\u00a0\u00bb title_text=\u00a0\u00bbreparacion-de-componentes-electronicos\u00a0\u00bb show_in_lightbox=\u00a0\u00bbon\u00a0\u00bb use_overlay=\u00a0\u00bbon\u00a0\u00bb overlay_icon_color=\u00a0\u00bb#2565ad\u00a0\u00bb hover_overlay_color=\u00a0\u00bbrgba(255,255,255,0.8)\u00a0\u00bb hover_icon=\u00a0\u00bb&#x4c;||divi||400&Prime; align=\u00a0\u00bbcenter\u00a0\u00bb _builder_version=\u00a0\u00bb4.16&Prime; _module_preset=\u00a0\u00bbdefault\u00a0\u00bb global_colors_info=\u00a0\u00bb{}\u00a0\u00bb][\/et_pb_image][\/et_pb_column][et_pb_column type=\u00a0\u00bb1_3&Prime; _builder_version=\u00a0\u00bb4.16&Prime; _module_preset=\u00a0\u00bbdefault\u00a0\u00bb global_colors_info=\u00a0\u00bb{}\u00a0\u00bb][et_pb_image src=\u00a0\u00bbhttps:\/\/insyte.es\/wp-content\/uploads\/2021\/07\/reparacion-de-modulos-de-equipos.jpg\u00a0\u00bb title_text=\u00a0\u00bbreparacion-de-componentes-electronicos\u00a0\u00bb show_in_lightbox=\u00a0\u00bbon\u00a0\u00bb use_overlay=\u00a0\u00bbon\u00a0\u00bb overlay_icon_color=\u00a0\u00bb#2565ad\u00a0\u00bb hover_overlay_color=\u00a0\u00bbrgba(255,255,255,0.8)\u00a0\u00bb hover_icon=\u00a0\u00bb&#x4c;||divi||400&Prime; align=\u00a0\u00bbcenter\u00a0\u00bb _builder_version=\u00a0\u00bb4.16&Prime; _module_preset=\u00a0\u00bbdefault\u00a0\u00bb global_colors_info=\u00a0\u00bb{}\u00a0\u00bb][\/et_pb_image][\/et_pb_column][et_pb_column type=\u00a0\u00bb1_3&Prime; _builder_version=\u00a0\u00bb4.16&Prime; _module_preset=\u00a0\u00bbdefault\u00a0\u00bb global_colors_info=\u00a0\u00bb{}\u00a0\u00bb][et_pb_image src=\u00a0\u00bbhttps:\/\/insyte.es\/wp-content\/uploads\/2021\/07\/reparacion-de-cableado-electronica.jpg\u00a0\u00bb title_text=\u00a0\u00bbreparacion-de-componentes-electronicos\u00a0\u00bb show_in_lightbox=\u00a0\u00bbon\u00a0\u00bb use_overlay=\u00a0\u00bbon\u00a0\u00bb overlay_icon_color=\u00a0\u00bb#2565ad\u00a0\u00bb hover_overlay_color=\u00a0\u00bbrgba(255,255,255,0.8)\u00a0\u00bb hover_icon=\u00a0\u00bb&#x4c;||divi||400&Prime; align=\u00a0\u00bbcenter\u00a0\u00bb _builder_version=\u00a0\u00bb4.20.4&Prime; _module_preset=\u00a0\u00bbdefault\u00a0\u00bb global_colors_info=\u00a0\u00bb{}\u00a0\u00bb][\/et_pb_image][\/et_pb_column][\/et_pb_row][\/et_pb_section]<\/p>\n","protected":false},"excerpt":{"rendered":"<p>Chez Insyte S.A., nous nous occupons du service apr\u00e8s-vente, afin de maintenir la fiabilit\u00e9 et de suivre les normes de qualit\u00e9 les plus strictes. Pour cela, nous nous occupons de la r\u00e9paration des cartes, des \u00e9quipements et du c\u00e2blage. Nous nous occupons de tout le processus, de la collecte \u00e0 la livraison avec rapport de [&hellip;]<\/p>\n","protected":false},"author":1,"featured_media":996,"parent":965,"menu_order":0,"comment_status":"closed","ping_status":"closed","template":"","meta":{"_et_pb_use_builder":"on","_et_pb_old_content":"","_et_gb_content_width":"","inline_featured_image":false,"footnotes":""},"class_list":["post-995","page","type-page","status-publish","has-post-thumbnail","hentry"],"_links":{"self":[{"href":"https:\/\/insyte.es\/fr\/wp-json\/wp\/v2\/pages\/995","targetHints":{"allow":["GET"]}}],"collection":[{"href":"https:\/\/insyte.es\/fr\/wp-json\/wp\/v2\/pages"}],"about":[{"href":"https:\/\/insyte.es\/fr\/wp-json\/wp\/v2\/types\/page"}],"author":[{"embeddable":true,"href":"https:\/\/insyte.es\/fr\/wp-json\/wp\/v2\/users\/1"}],"replies":[{"embeddable":true,"href":"https:\/\/insyte.es\/fr\/wp-json\/wp\/v2\/comments?post=995"}],"version-history":[{"count":1,"href":"https:\/\/insyte.es\/fr\/wp-json\/wp\/v2\/pages\/995\/revisions"}],"predecessor-version":[{"id":2086,"href":"https:\/\/insyte.es\/fr\/wp-json\/wp\/v2\/pages\/995\/revisions\/2086"}],"up":[{"embeddable":true,"href":"https:\/\/insyte.es\/fr\/wp-json\/wp\/v2\/pages\/965"}],"wp:featuredmedia":[{"embeddable":true,"href":"https:\/\/insyte.es\/fr\/wp-json\/wp\/v2\/media\/996"}],"wp:attachment":[{"href":"https:\/\/insyte.es\/fr\/wp-json\/wp\/v2\/media?parent=995"}],"curies":[{"name":"wp","href":"https:\/\/api.w.org\/{rel}","templated":true}]}}