{"id":989,"date":"2021-06-29T11:01:17","date_gmt":"2021-06-29T11:01:17","guid":{"rendered":"https:\/\/insyte.es\/servicios\/test\/"},"modified":"2021-10-04T13:24:55","modified_gmt":"2021-10-04T13:24:55","slug":"test","status":"publish","type":"page","link":"https:\/\/insyte.es\/fr\/services\/test\/","title":{"rendered":"Test"},"content":{"rendered":"<p>[et_pb_section fb_built=\u00a0\u00bb1&Prime; _builder_version=\u00a0\u00bb4.9.7&Prime; _module_preset=\u00a0\u00bbdefault\u00a0\u00bb global_colors_info=\u00a0\u00bb{}\u00a0\u00bb][et_pb_row column_structure=\u00a0\u00bb1_2,1_2&Prime; _builder_version=\u00a0\u00bb4.9.7&Prime; _module_preset=\u00a0\u00bbdefault\u00a0\u00bb global_colors_info=\u00a0\u00bb{}\u00a0\u00bb][et_pb_column type=\u00a0\u00bb1_2&Prime; _builder_version=\u00a0\u00bb4.9.7&Prime; _module_preset=\u00a0\u00bbdefault\u00a0\u00bb global_colors_info=\u00a0\u00bb{}\u00a0\u00bb][et_pb_text ul_type=\u00a0\u00bbcircle\u00a0\u00bb _builder_version=\u00a0\u00bb4.11.0&Prime; _module_preset=\u00a0\u00bbdefault\u00a0\u00bb text_font_size=\u00a0\u00bb18px\u00a0\u00bb text_line_height=\u00a0\u00bb1.5em\u00a0\u00bb ul_text_color=\u00a0\u00bb#2565ad\u00a0\u00bb hover_enabled=\u00a0\u00bb0&Prime; global_colors_info=\u00a0\u00bb{}\u00a0\u00bb sticky_enabled=\u00a0\u00bb0&Prime;]<\/p>\n<p>En <strong>Insyte S.A<\/strong> disponemos de las mejores maquinarias del mercado para <strong>realizar todo tipo de test<\/strong>. Antes de someter los equipos electr\u00f3nicos al proceso de pruebas, dise\u00f1amos las estrategias adaptadas a cada producto. Este servicio es clave para ofrecer la calidad a nuestros clientes.<\/p>\n<p><span style=\"color: #333333;\"><\/span><\/p>\n<p>[\/et_pb_text][\/et_pb_column][et_pb_column type=\u00a0\u00bb1_2&Prime; _builder_version=\u00a0\u00bb4.9.7&Prime; _module_preset=\u00a0\u00bbdefault\u00a0\u00bb global_colors_info=\u00a0\u00bb{}\u00a0\u00bb][et_pb_text ul_type=\u00a0\u00bbcircle\u00a0\u00bb _builder_version=\u00a0\u00bb4.11.0&Prime; _module_preset=\u00a0\u00bbdefault\u00a0\u00bb ul_text_color=\u00a0\u00bb#2565ad\u00a0\u00bb hover_enabled=\u00a0\u00bb0&Prime; global_colors_info=\u00a0\u00bb{}\u00a0\u00bb sticky_enabled=\u00a0\u00bb0&Prime;]<\/p>\n<ul>\n<li><span style=\"color: #333333;\">Inspecci\u00f3n mediante Rayos-X 3D.<\/span><\/li>\n<li><span style=\"color: #333333;\">Inspecci\u00f3n de la pasta de soldar antes del montaje de los componentes de SMD para verificar que la aplicaci\u00f3n es correcta.<\/span><\/li>\n<li><span style=\"color: #333333;\">A esto se le incluye la inspecci\u00f3n \u00f3ptica Autom\u00e1tica de placas 100%.<\/span><\/li>\n<li><span style=\"color: #333333;\">Verificaci\u00f3n el\u00e9ctrica antes del montaje de determinados componentes de SMD.<\/span><\/li>\n<li><span style=\"color: #333333;\">Prueba el\u00e9ctrica en PCB mediante Flying- Probes e ICT<\/span><\/li>\n<li><span style=\"color: #333333;\">Prueba de continuidad para cableados, derivaciones, tracci\u00f3n para el crimpado, alto voltaje, frecuencia, OTDR, OLTS, p\u00e9rdida de inserci\u00f3n,<\/span><\/li>\n<li><span style=\"color: #333333;\">Para cableados de fibra \u00f3ptica interferometr\u00eda, frecuencia, p\u00e9rdida de inserci\u00f3n, etc.<\/span><\/li>\n<li><span style=\"color: #333333;\">Pruebas ambientales: temperatura, humedad y vibraciones.<\/span><\/li>\n<li><span style=\"color: #333333;\">Nuestro servicio de pruebas y test hace que Insyte S.A sea una de las empresas l\u00edderes en fabricaci\u00f3n de equipos electr\u00f3nicos, dot\u00e1ndolo de una fiabilidad del 99%.<\/span><\/li>\n<\/ul>\n<p>[\/et_pb_text][\/et_pb_column][\/et_pb_row][et_pb_row column_structure=\u00a0\u00bb1_3,1_3,1_3&Prime; make_equal=\u00a0\u00bbon\u00a0\u00bb _builder_version=\u00a0\u00bb4.9.7&Prime; _module_preset=\u00a0\u00bbdefault\u00a0\u00bb max_width=\u00a0\u00bb2560px\u00a0\u00bb global_colors_info=\u00a0\u00bb{}\u00a0\u00bb][et_pb_column type=\u00a0\u00bb1_3&Prime; _builder_version=\u00a0\u00bb4.9.7&Prime; _module_preset=\u00a0\u00bbdefault\u00a0\u00bb global_colors_info=\u00a0\u00bb{}\u00a0\u00bb][et_pb_image src=\u00a0\u00bbhttps:\/\/insyte.es\/wp-content\/uploads\/2021\/07\/comprobacion-componentes-electronicos.jpg\u00a0\u00bb title_text=\u00a0\u00bbcomprobacion-componentes-electronicos\u00a0\u00bb show_in_lightbox=\u00a0\u00bbon\u00a0\u00bb use_overlay=\u00a0\u00bbon\u00a0\u00bb overlay_icon_color=\u00a0\u00bb#2565ad\u00a0\u00bb hover_overlay_color=\u00a0\u00bbrgba(255,255,255,0.8)\u00a0\u00bb hover_icon=\u00a0\u00bb%%43%%\u00a0\u00bb align=\u00a0\u00bbcenter\u00a0\u00bb _builder_version=\u00a0\u00bb4.9.7&Prime; _module_preset=\u00a0\u00bbdefault\u00a0\u00bb global_colors_info=\u00a0\u00bb{}\u00a0\u00bb][\/et_pb_image][\/et_pb_column][et_pb_column type=\u00a0\u00bb1_3&Prime; _builder_version=\u00a0\u00bb4.9.7&Prime; _module_preset=\u00a0\u00bbdefault\u00a0\u00bb global_colors_info=\u00a0\u00bb{}\u00a0\u00bb][et_pb_image src=\u00a0\u00bbhttps:\/\/insyte.es\/wp-content\/uploads\/2021\/07\/testeo-de-componentes-equipos.jpg\u00a0\u00bb title_text=\u00a0\u00bbtesteo-de-componentes-equipos\u00a0\u00bb show_in_lightbox=\u00a0\u00bbon\u00a0\u00bb use_overlay=\u00a0\u00bbon\u00a0\u00bb overlay_icon_color=\u00a0\u00bb#2565ad\u00a0\u00bb hover_overlay_color=\u00a0\u00bbrgba(255,255,255,0.8)\u00a0\u00bb hover_icon=\u00a0\u00bb%%43%%\u00a0\u00bb align=\u00a0\u00bbcenter\u00a0\u00bb _builder_version=\u00a0\u00bb4.9.7&Prime; _module_preset=\u00a0\u00bbdefault\u00a0\u00bb global_colors_info=\u00a0\u00bb{}\u00a0\u00bb][\/et_pb_image][\/et_pb_column][et_pb_column type=\u00a0\u00bb1_3&Prime; _builder_version=\u00a0\u00bb4.9.7&Prime; _module_preset=\u00a0\u00bbdefault\u00a0\u00bb global_colors_info=\u00a0\u00bb{}\u00a0\u00bb][et_pb_image src=\u00a0\u00bbhttps:\/\/insyte.es\/wp-content\/uploads\/2021\/07\/bancos-de-pruebas-test-electronica.jpg\u00a0\u00bb title_text=\u00a0\u00bbbancos-de-pruebas-test-electronica\u00a0\u00bb show_in_lightbox=\u00a0\u00bbon\u00a0\u00bb use_overlay=\u00a0\u00bbon\u00a0\u00bb overlay_icon_color=\u00a0\u00bb#2565ad\u00a0\u00bb hover_overlay_color=\u00a0\u00bbrgba(255,255,255,0.8)\u00a0\u00bb hover_icon=\u00a0\u00bb%%43%%\u00a0\u00bb align=\u00a0\u00bbcenter\u00a0\u00bb _builder_version=\u00a0\u00bb4.9.7&Prime; _module_preset=\u00a0\u00bbdefault\u00a0\u00bb global_colors_info=\u00a0\u00bb{}\u00a0\u00bb][\/et_pb_image][\/et_pb_column][\/et_pb_row][\/et_pb_section]<\/p>\n","protected":false},"excerpt":{"rendered":"<p>En Insyte S.A disponemos de las mejores maquinarias del mercado para realizar todo tipo de test. Antes de someter los equipos electr\u00f3nicos al proceso de pruebas, dise\u00f1amos las estrategias adaptadas a cada producto. Este servicio es clave para ofrecer la calidad a nuestros clientes. Inspecci\u00f3n mediante Rayos-X 3D. Inspecci\u00f3n de la pasta de soldar antes [&hellip;]<\/p>\n","protected":false},"author":1,"featured_media":990,"parent":965,"menu_order":0,"comment_status":"closed","ping_status":"closed","template":"","meta":{"_et_pb_use_builder":"on","_et_pb_old_content":"","_et_gb_content_width":"","inline_featured_image":false,"footnotes":""},"class_list":["post-989","page","type-page","status-publish","has-post-thumbnail","hentry"],"_links":{"self":[{"href":"https:\/\/insyte.es\/fr\/wp-json\/wp\/v2\/pages\/989","targetHints":{"allow":["GET"]}}],"collection":[{"href":"https:\/\/insyte.es\/fr\/wp-json\/wp\/v2\/pages"}],"about":[{"href":"https:\/\/insyte.es\/fr\/wp-json\/wp\/v2\/types\/page"}],"author":[{"embeddable":true,"href":"https:\/\/insyte.es\/fr\/wp-json\/wp\/v2\/users\/1"}],"replies":[{"embeddable":true,"href":"https:\/\/insyte.es\/fr\/wp-json\/wp\/v2\/comments?post=989"}],"version-history":[{"count":0,"href":"https:\/\/insyte.es\/fr\/wp-json\/wp\/v2\/pages\/989\/revisions"}],"up":[{"embeddable":true,"href":"https:\/\/insyte.es\/fr\/wp-json\/wp\/v2\/pages\/965"}],"wp:featuredmedia":[{"embeddable":true,"href":"https:\/\/insyte.es\/fr\/wp-json\/wp\/v2\/media\/990"}],"wp:attachment":[{"href":"https:\/\/insyte.es\/fr\/wp-json\/wp\/v2\/media?parent=989"}],"curies":[{"name":"wp","href":"https:\/\/api.w.org\/{rel}","templated":true}]}}