{"id":983,"date":"2021-06-29T11:00:56","date_gmt":"2021-06-29T11:00:56","guid":{"rendered":"https:\/\/insyte.es\/servicios\/cableado\/"},"modified":"2021-10-04T14:17:46","modified_gmt":"2021-10-04T14:17:46","slug":"cablage","status":"publish","type":"page","link":"https:\/\/insyte.es\/fr\/services\/cablage\/","title":{"rendered":"C\u00e2blage"},"content":{"rendered":"<p>[et_pb_section fb_built=\u00a0\u00bb1&Prime; _builder_version=\u00a0\u00bb4.9.7&Prime; _module_preset=\u00a0\u00bbdefault\u00a0\u00bb global_colors_info=\u00a0\u00bb{}\u00a0\u00bb][et_pb_row column_structure=\u00a0\u00bb1_2,1_2&Prime; _builder_version=\u00a0\u00bb4.9.7&Prime; _module_preset=\u00a0\u00bbdefault\u00a0\u00bb global_colors_info=\u00a0\u00bb{}\u00a0\u00bb][et_pb_column type=\u00a0\u00bb1_2&Prime; _builder_version=\u00a0\u00bb4.9.7&Prime; _module_preset=\u00a0\u00bbdefault\u00a0\u00bb global_colors_info=\u00a0\u00bb{}\u00a0\u00bb][et_pb_text ul_type=\u00a0\u00bbcircle\u00a0\u00bb module_id=\u00a0\u00bbservicios\u00a0\u00bb _builder_version=\u00a0\u00bb4.9.10&Prime; _module_preset=\u00a0\u00bbdefault\u00a0\u00bb text_font_size=\u00a0\u00bb18px\u00a0\u00bb text_line_height=\u00a0\u00bb1.5em\u00a0\u00bb ul_text_color=\u00a0\u00bb#2565ad\u00a0\u00bb global_colors_info=\u00a0\u00bb{}\u00a0\u00bb]Chez Insyte S.A., nous travaillons avec tous les types de c\u00e2bles : fibre optique, multi-paires, monoconducteur, coaxial (tri et bicoaxial), etc. Et nous r\u00e9alisons tous types de connexions : serties, \u00e0 d\u00e9placement d&rsquo;isolant, etc.[\/et_pb_text][\/et_pb_column][et_pb_column type=\u00a0\u00bb1_2&Prime; _builder_version=\u00a0\u00bb4.9.7&Prime; _module_preset=\u00a0\u00bbdefault\u00a0\u00bb global_colors_info=\u00a0\u00bb{}\u00a0\u00bb][et_pb_text ul_type=\u00a0\u00bbcircle\u00a0\u00bb module_id=\u00a0\u00bbservicios\u00a0\u00bb _builder_version=\u00a0\u00bb4.9.10&Prime; _module_preset=\u00a0\u00bbdefault\u00a0\u00bb ul_text_color=\u00a0\u00bb#2565ad\u00a0\u00bb global_colors_info=\u00a0\u00bb{}\u00a0\u00bb]<\/p>\n<ul>\n<li><span style=\"color: #333333;\">Couper et d\u00e9nuder des tuyaux ou des c\u00e2bles de toutes longueurs.<\/span><\/li>\n<li><span style=\"color: #333333;\">Fabrication de panneaux ou de cadres de forme pour c\u00e2bles.<\/span><\/li>\n<li><span style=\"color: #333333;\">Fabrication de tuyaux avec gaines de protection, manchons, etc. de type Nomex.<\/span><\/li>\n<li><span style=\"color: #333333;\">Regroupement et acheminement des c\u00e2bles.<\/span><\/li>\n<li><span style=\"color: #333333;\">Enroulement et conditionnement des c\u00e2bles.<\/span><\/li>\n<li><span style=\"color: #333333;\">Tests de tous types en fonction du type de c\u00e2ble.<\/span><\/li>\n<li><span style=\"color: #333333;\">Gestion depuis l&rsquo;achat des mat\u00e9riaux jusqu&rsquo;\u00e0 la livraison du produit.<\/span><\/li>\n<li><span style=\"color: #333333;\">R\u00e9paration du c\u00e2blage.<\/span><\/li>\n<\/ul>\n<p>[\/et_pb_text][\/et_pb_column][\/et_pb_row][et_pb_row column_structure=\u00a0\u00bb1_3,1_3,1_3&Prime; make_equal=\u00a0\u00bbon\u00a0\u00bb _builder_version=\u00a0\u00bb4.9.7&Prime; _module_preset=\u00a0\u00bbdefault\u00a0\u00bb max_width=\u00a0\u00bb2560px\u00a0\u00bb global_colors_info=\u00a0\u00bb{}\u00a0\u00bb][et_pb_column type=\u00a0\u00bb1_3&Prime; _builder_version=\u00a0\u00bb4.9.7&Prime; _module_preset=\u00a0\u00bbdefault\u00a0\u00bb global_colors_info=\u00a0\u00bb{}\u00a0\u00bb][et_pb_image src=\u00a0\u00bbhttps:\/\/insyte.es\/wp-content\/uploads\/2021\/07\/cableado-corte-pelado-mangueras.jpg\u00a0\u00bb title_text=\u00a0\u00bbcableado-corte-pelado-mangueras\u00a0\u00bb show_in_lightbox=\u00a0\u00bbon\u00a0\u00bb use_overlay=\u00a0\u00bbon\u00a0\u00bb overlay_icon_color=\u00a0\u00bb#2565ad\u00a0\u00bb hover_overlay_color=\u00a0\u00bbrgba(255,255,255,0.8)\u00a0\u00bb hover_icon=\u00a0\u00bb%%43%%\u00a0\u00bb align=\u00a0\u00bbcenter\u00a0\u00bb _builder_version=\u00a0\u00bb4.9.7&Prime; _module_preset=\u00a0\u00bbdefault\u00a0\u00bb global_colors_info=\u00a0\u00bb{}\u00a0\u00bb][\/et_pb_image][\/et_pb_column][et_pb_column type=\u00a0\u00bb1_3&Prime; _builder_version=\u00a0\u00bb4.9.7&Prime; _module_preset=\u00a0\u00bbdefault\u00a0\u00bb global_colors_info=\u00a0\u00bb{}\u00a0\u00bb][et_pb_image src=\u00a0\u00bbhttps:\/\/insyte.es\/wp-content\/uploads\/2021\/07\/atado-y-guiado-de-cableados.jpg\u00a0\u00bb title_text=\u00a0\u00bbatado-y-guiado-de-cableados\u00a0\u00bb show_in_lightbox=\u00a0\u00bbon\u00a0\u00bb use_overlay=\u00a0\u00bbon\u00a0\u00bb overlay_icon_color=\u00a0\u00bb#2565ad\u00a0\u00bb hover_overlay_color=\u00a0\u00bbrgba(255,255,255,0.8)\u00a0\u00bb hover_icon=\u00a0\u00bb%%43%%\u00a0\u00bb align=\u00a0\u00bbcenter\u00a0\u00bb _builder_version=\u00a0\u00bb4.9.7&Prime; _module_preset=\u00a0\u00bbdefault\u00a0\u00bb global_colors_info=\u00a0\u00bb{}\u00a0\u00bb][\/et_pb_image][\/et_pb_column][et_pb_column type=\u00a0\u00bb1_3&Prime; _builder_version=\u00a0\u00bb4.9.7&Prime; _module_preset=\u00a0\u00bbdefault\u00a0\u00bb global_colors_info=\u00a0\u00bb{}\u00a0\u00bb][et_pb_image src=\u00a0\u00bbhttps:\/\/insyte.es\/wp-content\/uploads\/2021\/10\/cuadros-de-formas-de-cable.jpg\u00a0\u00bb title_text=\u00a0\u00bbcuadros-de-formas-de-cable\u00a0\u00bb show_in_lightbox=\u00a0\u00bbon\u00a0\u00bb use_overlay=\u00a0\u00bbon\u00a0\u00bb overlay_icon_color=\u00a0\u00bb#2565ad\u00a0\u00bb hover_overlay_color=\u00a0\u00bbrgba(255,255,255,0.8)\u00a0\u00bb hover_icon=\u00a0\u00bb%%43%%\u00a0\u00bb align=\u00a0\u00bbcenter\u00a0\u00bb _builder_version=\u00a0\u00bb4.11.0&Prime; _module_preset=\u00a0\u00bbdefault\u00a0\u00bb hover_enabled=\u00a0\u00bb0&Prime; global_colors_info=\u00a0\u00bb{}\u00a0\u00bb sticky_enabled=\u00a0\u00bb0&Prime;][\/et_pb_image][\/et_pb_column][\/et_pb_row][\/et_pb_section]<\/p>\n","protected":false},"excerpt":{"rendered":"<p>Chez Insyte S.A., nous travaillons avec tous les types de c\u00e2bles : fibre optique, multi-paires, monoconducteur, coaxial (tri et bicoaxial), etc. Et nous r\u00e9alisons tous types de connexions : serties, \u00e0 d\u00e9placement d&rsquo;isolant, etc. Couper et d\u00e9nuder des tuyaux ou des c\u00e2bles de toutes longueurs. Fabrication de panneaux ou de cadres de forme pour c\u00e2bles. [&hellip;]<\/p>\n","protected":false},"author":1,"featured_media":984,"parent":965,"menu_order":0,"comment_status":"closed","ping_status":"closed","template":"","meta":{"_et_pb_use_builder":"on","_et_pb_old_content":"","_et_gb_content_width":"","inline_featured_image":false,"footnotes":""},"class_list":["post-983","page","type-page","status-publish","has-post-thumbnail","hentry"],"_links":{"self":[{"href":"https:\/\/insyte.es\/fr\/wp-json\/wp\/v2\/pages\/983","targetHints":{"allow":["GET"]}}],"collection":[{"href":"https:\/\/insyte.es\/fr\/wp-json\/wp\/v2\/pages"}],"about":[{"href":"https:\/\/insyte.es\/fr\/wp-json\/wp\/v2\/types\/page"}],"author":[{"embeddable":true,"href":"https:\/\/insyte.es\/fr\/wp-json\/wp\/v2\/users\/1"}],"replies":[{"embeddable":true,"href":"https:\/\/insyte.es\/fr\/wp-json\/wp\/v2\/comments?post=983"}],"version-history":[{"count":0,"href":"https:\/\/insyte.es\/fr\/wp-json\/wp\/v2\/pages\/983\/revisions"}],"up":[{"embeddable":true,"href":"https:\/\/insyte.es\/fr\/wp-json\/wp\/v2\/pages\/965"}],"wp:featuredmedia":[{"embeddable":true,"href":"https:\/\/insyte.es\/fr\/wp-json\/wp\/v2\/media\/984"}],"wp:attachment":[{"href":"https:\/\/insyte.es\/fr\/wp-json\/wp\/v2\/media?parent=983"}],"curies":[{"name":"wp","href":"https:\/\/api.w.org\/{rel}","templated":true}]}}