{"id":977,"date":"2021-06-29T11:00:28","date_gmt":"2021-06-29T11:00:28","guid":{"rendered":"https:\/\/insyte.es\/servicios\/montaje\/"},"modified":"2021-09-30T12:31:10","modified_gmt":"2021-09-30T12:31:10","slug":"assemblage-pcbs-et-de-produit-fini","status":"publish","type":"page","link":"https:\/\/insyte.es\/fr\/services\/assemblage-pcbs-et-de-produit-fini\/","title":{"rendered":"Assemblage PCBS et de produit fini"},"content":{"rendered":"<p>[et_pb_section fb_built=\u00a0\u00bb1&Prime; _builder_version=\u00a0\u00bb4.9.7&Prime; _module_preset=\u00a0\u00bbdefault\u00a0\u00bb][et_pb_row column_structure=\u00a0\u00bb1_2,1_2&Prime; _builder_version=\u00a0\u00bb4.9.7&Prime; _module_preset=\u00a0\u00bbdefault\u00a0\u00bb][et_pb_column type=\u00a0\u00bb1_2&Prime; _builder_version=\u00a0\u00bb4.9.7&Prime; _module_preset=\u00a0\u00bbdefault\u00a0\u00bb][et_pb_text ul_type=\u00a0\u00bbcircle\u00a0\u00bb _builder_version=\u00a0\u00bb4.9.10&Prime; _module_preset=\u00a0\u00bbdefault\u00a0\u00bb text_font_size=\u00a0\u00bb18px\u00a0\u00bb text_line_height=\u00a0\u00bb1.5em\u00a0\u00bb ul_text_color=\u00a0\u00bb#2565ad\u00a0\u00bb hover_enabled=\u00a0\u00bb0&Prime; global_colors_info=\u00a0\u00bb{}\u00a0\u00bb sticky_enabled=\u00a0\u00bb0&Prime;]<\/p>\n<p>Le d\u00e9partement d&rsquo;assemblage d&rsquo;Insyte S.A. dispose de machines de pointe et s&rsquo;engage \u00e0 une mise \u00e0 jour constante afin d&rsquo;offrir les meilleurs r\u00e9sultats dans ses produits. L&rsquo;assemblage des \u00e9quipements \u00e9lectroniques est r\u00e9alis\u00e9 dans ses 5500m2 d&rsquo;installations. En outre, Insyte S.A. s&rsquo;engage \u00e0 assurer la formation continue de son personnel, ce qui, associ\u00e9 \u00e0 sa grande exp\u00e9rience, garantit le succ\u00e8s de la fabrication de chaque composant.<\/p>\n<p>[\/et_pb_text][\/et_pb_column][et_pb_column type=\u00a0\u00bb1_2&Prime; _builder_version=\u00a0\u00bb4.9.7&Prime; _module_preset=\u00a0\u00bbdefault\u00a0\u00bb][et_pb_text ul_type=\u00a0\u00bbcircle\u00a0\u00bb module_id=\u00a0\u00bbservicios\u00a0\u00bb _builder_version=\u00a0\u00bb4.9.10&Prime; _module_preset=\u00a0\u00bbdefault\u00a0\u00bb ul_text_color=\u00a0\u00bb#2565ad\u00a0\u00bb hover_enabled=\u00a0\u00bb0&Prime; sticky_enabled=\u00a0\u00bb0&Prime;]<\/p>\n<ul>\n<li><span style=\"color: #333333;\">Assemblage de composants CMS (de 0201 \u00e0 2520, TSSOPS, BGA et \u03bcBGA, VSOP, TQFP, L\/PQFN, etc.) avec des machines de pointe. RoHs et SnPb.<\/span><\/li>\n<li><span style=\"color: #333333;\">Assemblage conventionnel de composants : soudure \u00e0 la vague, s\u00e9lective et manuelle.<\/span><\/li>\n<li><span style=\"color: #333333;\">Possibilit\u00e9 de lavage et de vernissage automatique des plaques. Mesure de l&rsquo;\u00e9paisseur du vernis.<\/span><\/li>\n<li><span style=\"color: #333333;\">Possibilit\u00e9 d&rsquo;encapsuler une partie du PCB ou le PCB complet.<\/span><\/li>\n<li><span style=\"color: #333333;\">Fabrication de cartes et d&rsquo;\u00e9quipements \u00e9lectroniques enti\u00e8rement finis et test\u00e9s.<\/span><\/li>\n<li><span style=\"color: #333333;\">Fabrication de prototypes, pr\u00e9s\u00e9ries, petites et moyennes s\u00e9ries.<\/span><\/li>\n<li><span style=\"color: #333333;\">Tra\u00e7abilit\u00e9 des composants, des cartes et des produits.<\/span><\/li>\n<li><span style=\"color: #333333;\">Achat de tous les composants.<\/span><\/li>\n<\/ul>\n<p>[\/et_pb_text][\/et_pb_column][\/et_pb_row][et_pb_row column_structure=\u00a0\u00bb1_3,1_3,1_3&Prime; make_equal=\u00a0\u00bbon\u00a0\u00bb _builder_version=\u00a0\u00bb4.9.7&Prime; _module_preset=\u00a0\u00bbdefault\u00a0\u00bb max_width=\u00a0\u00bb2560px\u00a0\u00bb][et_pb_column type=\u00a0\u00bb1_3&Prime; _builder_version=\u00a0\u00bb4.9.7&Prime; _module_preset=\u00a0\u00bbdefault\u00a0\u00bb][et_pb_image src=\u00a0\u00bbhttps:\/\/insyte.es\/wp-content\/uploads\/2021\/07\/montaje-de-componentes-electronicos.jpg\u00a0\u00bb title_text=\u00a0\u00bbmontaje-de-componentes-electronicos\u00a0\u00bb show_in_lightbox=\u00a0\u00bbon\u00a0\u00bb use_overlay=\u00a0\u00bbon\u00a0\u00bb overlay_icon_color=\u00a0\u00bb#2565ad\u00a0\u00bb hover_overlay_color=\u00a0\u00bbrgba(255,255,255,0.8)\u00a0\u00bb hover_icon=\u00a0\u00bb%%43%%\u00a0\u00bb align=\u00a0\u00bbcenter\u00a0\u00bb _builder_version=\u00a0\u00bb4.9.7&Prime; _module_preset=\u00a0\u00bbdefault\u00a0\u00bb][\/et_pb_image][\/et_pb_column][et_pb_column type=\u00a0\u00bb1_3&Prime; _builder_version=\u00a0\u00bb4.9.7&Prime; _module_preset=\u00a0\u00bbdefault\u00a0\u00bb][et_pb_image src=\u00a0\u00bbhttps:\/\/insyte.es\/wp-content\/uploads\/2021\/07\/barnizado-de-placas-electronicas.jpg\u00a0\u00bb title_text=\u00a0\u00bbbarnizado-de-placas-electronicas\u00a0\u00bb show_in_lightbox=\u00a0\u00bbon\u00a0\u00bb use_overlay=\u00a0\u00bbon\u00a0\u00bb overlay_icon_color=\u00a0\u00bb#2565ad\u00a0\u00bb hover_overlay_color=\u00a0\u00bbrgba(255,255,255,0.8)\u00a0\u00bb hover_icon=\u00a0\u00bb%%43%%\u00a0\u00bb align=\u00a0\u00bbcenter\u00a0\u00bb _builder_version=\u00a0\u00bb4.9.7&Prime; _module_preset=\u00a0\u00bbdefault\u00a0\u00bb][\/et_pb_image][\/et_pb_column][et_pb_column type=\u00a0\u00bb1_3&Prime; _builder_version=\u00a0\u00bb4.9.7&Prime; _module_preset=\u00a0\u00bbdefault\u00a0\u00bb][et_pb_image src=\u00a0\u00bbhttps:\/\/insyte.es\/wp-content\/uploads\/2021\/07\/montaje-de-componentes-convencionales.jpg\u00a0\u00bb title_text=\u00a0\u00bbmontaje-de-componentes-convencionales\u00a0\u00bb show_in_lightbox=\u00a0\u00bbon\u00a0\u00bb use_overlay=\u00a0\u00bbon\u00a0\u00bb overlay_icon_color=\u00a0\u00bb#2565ad\u00a0\u00bb hover_overlay_color=\u00a0\u00bbrgba(255,255,255,0.8)\u00a0\u00bb hover_icon=\u00a0\u00bb%%43%%\u00a0\u00bb align=\u00a0\u00bbcenter\u00a0\u00bb _builder_version=\u00a0\u00bb4.9.7&Prime; _module_preset=\u00a0\u00bbdefault\u00a0\u00bb][\/et_pb_image][\/et_pb_column][\/et_pb_row][\/et_pb_section]<\/p>\n","protected":false},"excerpt":{"rendered":"<p>Le d\u00e9partement d&rsquo;assemblage d&rsquo;Insyte S.A. dispose de machines de pointe et s&rsquo;engage \u00e0 une mise \u00e0 jour constante afin d&rsquo;offrir les meilleurs r\u00e9sultats dans ses produits. L&rsquo;assemblage des \u00e9quipements \u00e9lectroniques est r\u00e9alis\u00e9 dans ses 5500m2 d&rsquo;installations. En outre, Insyte S.A. s&rsquo;engage \u00e0 assurer la formation continue de son personnel, ce qui, associ\u00e9 \u00e0 sa grande [&hellip;]<\/p>\n","protected":false},"author":1,"featured_media":978,"parent":965,"menu_order":0,"comment_status":"closed","ping_status":"closed","template":"","meta":{"_et_pb_use_builder":"on","_et_pb_old_content":"","_et_gb_content_width":"","inline_featured_image":false,"footnotes":""},"class_list":["post-977","page","type-page","status-publish","has-post-thumbnail","hentry"],"_links":{"self":[{"href":"https:\/\/insyte.es\/fr\/wp-json\/wp\/v2\/pages\/977","targetHints":{"allow":["GET"]}}],"collection":[{"href":"https:\/\/insyte.es\/fr\/wp-json\/wp\/v2\/pages"}],"about":[{"href":"https:\/\/insyte.es\/fr\/wp-json\/wp\/v2\/types\/page"}],"author":[{"embeddable":true,"href":"https:\/\/insyte.es\/fr\/wp-json\/wp\/v2\/users\/1"}],"replies":[{"embeddable":true,"href":"https:\/\/insyte.es\/fr\/wp-json\/wp\/v2\/comments?post=977"}],"version-history":[{"count":0,"href":"https:\/\/insyte.es\/fr\/wp-json\/wp\/v2\/pages\/977\/revisions"}],"up":[{"embeddable":true,"href":"https:\/\/insyte.es\/fr\/wp-json\/wp\/v2\/pages\/965"}],"wp:featuredmedia":[{"embeddable":true,"href":"https:\/\/insyte.es\/fr\/wp-json\/wp\/v2\/media\/978"}],"wp:attachment":[{"href":"https:\/\/insyte.es\/fr\/wp-json\/wp\/v2\/media?parent=977"}],"curies":[{"name":"wp","href":"https:\/\/api.w.org\/{rel}","templated":true}]}}