{"id":971,"date":"2021-06-29T10:59:57","date_gmt":"2021-06-29T10:59:57","guid":{"rendered":"https:\/\/insyte.es\/servicios\/ingenieria\/"},"modified":"2026-03-13T13:31:56","modified_gmt":"2026-03-13T13:31:56","slug":"ingenierie","status":"publish","type":"page","link":"https:\/\/insyte.es\/fr\/services\/ingenierie\/","title":{"rendered":"Ing\u00e9nierie"},"content":{"rendered":"<p>[et_pb_section fb_built=\u00a0\u00bb1&Prime; _builder_version=\u00a0\u00bb4.16&Prime; _module_preset=\u00a0\u00bbdefault\u00a0\u00bb global_colors_info=\u00a0\u00bb{}\u00a0\u00bb][et_pb_row column_structure=\u00a0\u00bb1_2,1_2&Prime; _builder_version=\u00a0\u00bb4.16&Prime; _module_preset=\u00a0\u00bbdefault\u00a0\u00bb global_colors_info=\u00a0\u00bb{}\u00a0\u00bb][et_pb_column type=\u00a0\u00bb1_2&Prime; _builder_version=\u00a0\u00bb4.16&Prime; _module_preset=\u00a0\u00bbdefault\u00a0\u00bb global_colors_info=\u00a0\u00bb{}\u00a0\u00bb][et_pb_text ul_type=\u00a0\u00bbcircle\u00a0\u00bb _builder_version=\u00a0\u00bb4.16&Prime; _module_preset=\u00a0\u00bbdefault\u00a0\u00bb text_font_size=\u00a0\u00bb18px\u00a0\u00bb text_line_height=\u00a0\u00bb1.5em\u00a0\u00bb ul_text_color=\u00a0\u00bb#2565ad\u00a0\u00bb global_colors_info=\u00a0\u00bb{}\u00a0\u00bb]<\/p>\n<p>Le d\u00e9partement d\u2019Ing\u00e9nierie est charg\u00e9 de l\u2019industrialisation des produits et du routage des circuits imprim\u00e9s. Chez Insyte S.A., nous nous occupons de la mise \u00e0 jour des \u00e9quipements \u00e9lectroniques afin d\u2019am\u00e9liorer leur fabrication, leur fonctionnalit\u00e9 et leur qualit\u00e9. Nous disposons \u00e9galement de la capacit\u00e9 de r\u00e9aliser des bancs de test d\u00e9di\u00e9s pour les produits.<\/p>\n<p>L\u2019\u00e9quipe d\u2019ing\u00e9nieurs d\u2019Insyte S.A. garantit une mise en \u0153uvre parfaite dans les \u00e9quipements de nos clients, g\u00e9n\u00e9rant ainsi des produits plus rentables et plus fiables, tout en offrant un service personnalis\u00e9 et en supervisant chaque \u00e9tape du processus. fiables, toujours avec une attention personnalis\u00e9e et en supervisant chaque processus.<\/p>\n<p>[\/et_pb_text][\/et_pb_column][et_pb_column type=\u00a0\u00bb1_2&Prime; _builder_version=\u00a0\u00bb4.16&Prime; _module_preset=\u00a0\u00bbdefault\u00a0\u00bb global_colors_info=\u00a0\u00bb{}\u00a0\u00bb][et_pb_text ul_type=\u00a0\u00bbcircle\u00a0\u00bb module_id=\u00a0\u00bbservicios\u00a0\u00bb _builder_version=\u00a0\u00bb4.16&Prime; _module_preset=\u00a0\u00bbdefault\u00a0\u00bb ul_text_color=\u00a0\u00bb#2565ad\u00a0\u00bb global_colors_info=\u00a0\u00bb{}\u00a0\u00bb]<\/p>\n<ul>\n<li><span style=\"color: #333333;\">R\u00e9alisation de bancs d&rsquo;essai.<\/span><\/li>\n<li><span style=\"color: #333333;\">Acheminement des planches.<\/span><\/li>\n<li><span style=\"color: #333333;\">Gestion des composants obsol\u00e8tes : mise \u00e0 jour de l&rsquo;\u00e9lectronique.<\/span><\/li>\n<li><span style=\"color: #333333;\">Industrialisation des \u00e9quipements \u00e9lectroniques pour am\u00e9liorer la fabrication, la qualit\u00e9 et la fonctionnalit\u00e9.<\/span><\/li>\n<li><span style=\"color: #333333;\">Fabrication de prototypes (rapport de recommandations, d\u00e9finition du processus et fiche de processus inclus).<\/span><\/li>\n<li><span style=\"color: #333333;\">Documentation de l&rsquo;assemblage, y compris les feuilles de route.<\/span><\/li>\n<li><span style=\"color: #333333;\">Cr\u00e9ation de plans de c\u00e2blage.<\/span><\/li>\n<\/ul>\n<p>[\/et_pb_text][\/et_pb_column][\/et_pb_row][et_pb_row column_structure=\u00a0\u00bb1_3,1_3,1_3&Prime; make_equal=\u00a0\u00bbon\u00a0\u00bb _builder_version=\u00a0\u00bb4.16&Prime; _module_preset=\u00a0\u00bbdefault\u00a0\u00bb max_width=\u00a0\u00bb2560px\u00a0\u00bb global_colors_info=\u00a0\u00bb{}\u00a0\u00bb][et_pb_column type=\u00a0\u00bb1_3&Prime; _builder_version=\u00a0\u00bb4.16&Prime; _module_preset=\u00a0\u00bbdefault\u00a0\u00bb global_colors_info=\u00a0\u00bb{}\u00a0\u00bb][et_pb_image src=\u00a0\u00bbhttps:\/\/insyte.es\/wp-content\/uploads\/2021\/07\/ingenieria-bancos-de-pruebas.jpg\u00a0\u00bb title_text=\u00a0\u00bbingenieria-bancos-de-pruebas\u00a0\u00bb show_in_lightbox=\u00a0\u00bbon\u00a0\u00bb use_overlay=\u00a0\u00bbon\u00a0\u00bb overlay_icon_color=\u00a0\u00bb#2565ad\u00a0\u00bb hover_overlay_color=\u00a0\u00bbrgba(255,255,255,0.8)\u00a0\u00bb hover_icon=\u00a0\u00bb&#x4c;||divi||400&Prime; align=\u00a0\u00bbcenter\u00a0\u00bb _builder_version=\u00a0\u00bb4.16&Prime; _module_preset=\u00a0\u00bbdefault\u00a0\u00bb global_colors_info=\u00a0\u00bb{}\u00a0\u00bb][\/et_pb_image][\/et_pb_column][et_pb_column type=\u00a0\u00bb1_3&Prime; _builder_version=\u00a0\u00bb4.16&Prime; _module_preset=\u00a0\u00bbdefault\u00a0\u00bb global_colors_info=\u00a0\u00bb{}\u00a0\u00bb][et_pb_image src=\u00a0\u00bbhttps:\/\/insyte.es\/wp-content\/uploads\/2021\/07\/ingenieria-fabricacion-prototipos.jpg\u00a0\u00bb title_text=\u00a0\u00bbingenieria-fabricacion-prototipos\u00a0\u00bb show_in_lightbox=\u00a0\u00bbon\u00a0\u00bb use_overlay=\u00a0\u00bbon\u00a0\u00bb overlay_icon_color=\u00a0\u00bb#2565ad\u00a0\u00bb hover_overlay_color=\u00a0\u00bbrgba(255,255,255,0.8)\u00a0\u00bb hover_icon=\u00a0\u00bb&#x4c;||divi||400&Prime; align=\u00a0\u00bbcenter\u00a0\u00bb _builder_version=\u00a0\u00bb4.16&Prime; _module_preset=\u00a0\u00bbdefault\u00a0\u00bb global_colors_info=\u00a0\u00bb{}\u00a0\u00bb][\/et_pb_image][\/et_pb_column][et_pb_column type=\u00a0\u00bb1_3&Prime; _builder_version=\u00a0\u00bb4.16&Prime; _module_preset=\u00a0\u00bbdefault\u00a0\u00bb global_colors_info=\u00a0\u00bb{}\u00a0\u00bb][et_pb_image src=\u00a0\u00bbhttps:\/\/insyte.es\/wp-content\/uploads\/2021\/07\/rutado-y-pruebas-placas-ingenieria.jpg\u00a0\u00bb title_text=\u00a0\u00bbrutado-y-pruebas-placas-ingenieria\u00a0\u00bb show_in_lightbox=\u00a0\u00bbon\u00a0\u00bb use_overlay=\u00a0\u00bbon\u00a0\u00bb overlay_icon_color=\u00a0\u00bb#2565ad\u00a0\u00bb hover_overlay_color=\u00a0\u00bbrgba(255,255,255,0.8)\u00a0\u00bb hover_icon=\u00a0\u00bb&#x4c;||divi||400&Prime; align=\u00a0\u00bbcenter\u00a0\u00bb _builder_version=\u00a0\u00bb4.16&Prime; _module_preset=\u00a0\u00bbdefault\u00a0\u00bb global_colors_info=\u00a0\u00bb{}\u00a0\u00bb][\/et_pb_image][\/et_pb_column][\/et_pb_row][\/et_pb_section]<\/p>\n","protected":false},"excerpt":{"rendered":"<p>Le d\u00e9partement d\u2019Ing\u00e9nierie est charg\u00e9 de l\u2019industrialisation des produits et du routage des circuits imprim\u00e9s. Chez Insyte S.A., nous nous occupons de la mise \u00e0 jour des \u00e9quipements \u00e9lectroniques afin d\u2019am\u00e9liorer leur fabrication, leur fonctionnalit\u00e9 et leur qualit\u00e9. Nous disposons \u00e9galement de la capacit\u00e9 de r\u00e9aliser des bancs de test d\u00e9di\u00e9s pour les produits. L\u2019\u00e9quipe [&hellip;]<\/p>\n","protected":false},"author":1,"featured_media":972,"parent":965,"menu_order":0,"comment_status":"closed","ping_status":"closed","template":"","meta":{"_et_pb_use_builder":"on","_et_pb_old_content":"","_et_gb_content_width":"","inline_featured_image":false,"footnotes":""},"class_list":["post-971","page","type-page","status-publish","has-post-thumbnail","hentry"],"_links":{"self":[{"href":"https:\/\/insyte.es\/fr\/wp-json\/wp\/v2\/pages\/971","targetHints":{"allow":["GET"]}}],"collection":[{"href":"https:\/\/insyte.es\/fr\/wp-json\/wp\/v2\/pages"}],"about":[{"href":"https:\/\/insyte.es\/fr\/wp-json\/wp\/v2\/types\/page"}],"author":[{"embeddable":true,"href":"https:\/\/insyte.es\/fr\/wp-json\/wp\/v2\/users\/1"}],"replies":[{"embeddable":true,"href":"https:\/\/insyte.es\/fr\/wp-json\/wp\/v2\/comments?post=971"}],"version-history":[{"count":1,"href":"https:\/\/insyte.es\/fr\/wp-json\/wp\/v2\/pages\/971\/revisions"}],"predecessor-version":[{"id":2389,"href":"https:\/\/insyte.es\/fr\/wp-json\/wp\/v2\/pages\/971\/revisions\/2389"}],"up":[{"embeddable":true,"href":"https:\/\/insyte.es\/fr\/wp-json\/wp\/v2\/pages\/965"}],"wp:featuredmedia":[{"embeddable":true,"href":"https:\/\/insyte.es\/fr\/wp-json\/wp\/v2\/media\/972"}],"wp:attachment":[{"href":"https:\/\/insyte.es\/fr\/wp-json\/wp\/v2\/media?parent=971"}],"curies":[{"name":"wp","href":"https:\/\/api.w.org\/{rel}","templated":true}]}}