{"id":965,"date":"2021-06-24T10:12:31","date_gmt":"2021-06-24T10:12:31","guid":{"rendered":"https:\/\/insyte.es\/servicios\/"},"modified":"2023-10-16T12:54:00","modified_gmt":"2023-10-16T12:54:00","slug":"services","status":"publish","type":"page","link":"https:\/\/insyte.es\/fr\/services\/","title":{"rendered":"Services"},"content":{"rendered":"<p>[et_pb_section fb_built=\u00a0\u00bb1&Prime; _builder_version=\u00a0\u00bb4.16&Prime; _module_preset=\u00a0\u00bbdefault\u00a0\u00bb custom_padding=\u00a0\u00bb||0px||false|false\u00a0\u00bb global_colors_info=\u00a0\u00bb{}\u00a0\u00bb][et_pb_row _builder_version=\u00a0\u00bb4.16&Prime; _module_preset=\u00a0\u00bbdefault\u00a0\u00bb global_colors_info=\u00a0\u00bb{}\u00a0\u00bb][et_pb_column type=\u00a0\u00bb4_4&Prime; _builder_version=\u00a0\u00bb4.16&Prime; _module_preset=\u00a0\u00bbdefault\u00a0\u00bb global_colors_info=\u00a0\u00bb{}\u00a0\u00bb][et_pb_text _builder_version=\u00a0\u00bb4.16&Prime; _module_preset=\u00a0\u00bbdefault\u00a0\u00bb header_3_text_align=\u00a0\u00bbcenter\u00a0\u00bb header_3_line_height=\u00a0\u00bb1.4em\u00a0\u00bb global_colors_info=\u00a0\u00bb{}\u00a0\u00bb]<\/p>\n<h3 style=\"text-align: center;\">Sp\u00e9cialisation et adaptation technologiques<\/h3>\n<p>[\/et_pb_text][\/et_pb_column][\/et_pb_row][\/et_pb_section][et_pb_section fb_built=\u00a0\u00bb1&Prime; _builder_version=\u00a0\u00bb4.16&Prime; _module_preset=\u00a0\u00bbdefault\u00a0\u00bb global_colors_info=\u00a0\u00bb{}\u00a0\u00bb][et_pb_row column_structure=\u00a0\u00bb3_5,2_5&Prime; use_custom_gutter=\u00a0\u00bbon\u00a0\u00bb gutter_width=\u00a0\u00bb2&Prime; make_equal=\u00a0\u00bbon\u00a0\u00bb _builder_version=\u00a0\u00bb4.16&Prime; _module_preset=\u00a0\u00bbdefault\u00a0\u00bb global_colors_info=\u00a0\u00bb{}\u00a0\u00bb][et_pb_column type=\u00a0\u00bb3_5&Prime; _builder_version=\u00a0\u00bb4.16&Prime; _module_preset=\u00a0\u00bbdefault\u00a0\u00bb background_color=\u00a0\u00bb#2565ad\u00a0\u00bb background_image=\u00a0\u00bbhttps:\/\/insyte.es\/wp-content\/uploads\/2021\/07\/servicio-de-ingenieria.jpg\u00a0\u00bb background_blend=\u00a0\u00bbsoft-light\u00a0\u00bb custom_padding=\u00a0\u00bb120px|10px|120px|10px|true|true\u00a0\u00bb link_option_url=\u00a0\u00bbhttps:\/\/insyte.es\/fr\/services\/ingenierie\/\u00a0\u00bb global_colors_info=\u00a0\u00bb{}\u00a0\u00bb background__hover_enabled=\u00a0\u00bbon|hover\u00a0\u00bb background_color__hover=\u00a0\u00bbrgba(0,0,0,0.75)\u00a0\u00bb background_enable_color__hover=\u00a0\u00bbon\u00a0\u00bb][et_pb_text _builder_version=\u00a0\u00bb4.16&Prime; _module_preset=\u00a0\u00bbdefault\u00a0\u00bb header_3_font=\u00a0\u00bb|700|||||||\u00a0\u00bb header_3_text_color=\u00a0\u00bb#FFFFFF\u00a0\u00bb header_3_font_size=\u00a0\u00bb34px\u00a0\u00bb header_3_letter_spacing=\u00a0\u00bb1px\u00a0\u00bb global_colors_info=\u00a0\u00bb{}\u00a0\u00bb]<\/p>\n<h3 style=\"text-align: center;\">ING\u00c9NIERIE<\/h3>\n<p>[\/et_pb_text][\/et_pb_column][et_pb_column type=\u00a0\u00bb2_5&Prime; _builder_version=\u00a0\u00bb4.16&Prime; _module_preset=\u00a0\u00bbdefault\u00a0\u00bb background_color=\u00a0\u00bb#2565ad\u00a0\u00bb background_image=\u00a0\u00bbhttps:\/\/insyte.es\/wp-content\/uploads\/2021\/07\/servicio-de-montaje.jpg\u00a0\u00bb background_blend=\u00a0\u00bbsoft-light\u00a0\u00bb custom_padding=\u00a0\u00bb120px|10px|120px|10px|true|true\u00a0\u00bb link_option_url=\u00a0\u00bbhttps:\/\/insyte.es\/fr\/services\/assemblage-pcbs-et-de-produit-fini\/\u00a0\u00bb global_colors_info=\u00a0\u00bb{}\u00a0\u00bb background__hover_enabled=\u00a0\u00bbon|hover\u00a0\u00bb background_color__hover=\u00a0\u00bbrgba(0,0,0,0.75)\u00a0\u00bb background_enable_color__hover=\u00a0\u00bbon\u00a0\u00bb][et_pb_text _builder_version=\u00a0\u00bb4.16&Prime; _module_preset=\u00a0\u00bbdefault\u00a0\u00bb header_3_font=\u00a0\u00bb|700|||||||\u00a0\u00bb header_3_text_color=\u00a0\u00bb#FFFFFF\u00a0\u00bb header_3_font_size=\u00a0\u00bb34px\u00a0\u00bb header_3_letter_spacing=\u00a0\u00bb1px\u00a0\u00bb global_colors_info=\u00a0\u00bb{}\u00a0\u00bb]<\/p>\n<h3 style=\"text-align: center;\">ASSEMBLAGE<\/h3>\n<p>[\/et_pb_text][\/et_pb_column][\/et_pb_row][et_pb_row column_structure=\u00a0\u00bb1_3,1_3,1_3&Prime; use_custom_gutter=\u00a0\u00bbon\u00a0\u00bb gutter_width=\u00a0\u00bb2&Prime; make_equal=\u00a0\u00bbon\u00a0\u00bb _builder_version=\u00a0\u00bb4.16&Prime; _module_preset=\u00a0\u00bbdefault\u00a0\u00bb custom_padding=\u00a0\u00bb0px||||false|false\u00a0\u00bb global_colors_info=\u00a0\u00bb{}\u00a0\u00bb][et_pb_column type=\u00a0\u00bb1_3&Prime; _builder_version=\u00a0\u00bb4.16&Prime; _module_preset=\u00a0\u00bbdefault\u00a0\u00bb background_color=\u00a0\u00bb#2565ad\u00a0\u00bb background_image=\u00a0\u00bbhttps:\/\/insyte.es\/wp-content\/uploads\/2021\/07\/servicio-de-cableado.jpg\u00a0\u00bb background_blend=\u00a0\u00bbsoft-light\u00a0\u00bb custom_padding=\u00a0\u00bb120px|10px|120px|10px|true|true\u00a0\u00bb link_option_url=\u00a0\u00bbhttps:\/\/insyte.es\/fr\/services\/cablage\/\u00a0\u00bb global_colors_info=\u00a0\u00bb{}\u00a0\u00bb background__hover_enabled=\u00a0\u00bbon|hover\u00a0\u00bb background_color__hover=\u00a0\u00bbrgba(0,0,0,0.75)\u00a0\u00bb background_enable_color__hover=\u00a0\u00bbon\u00a0\u00bb][et_pb_text _builder_version=\u00a0\u00bb4.16&Prime; _module_preset=\u00a0\u00bbdefault\u00a0\u00bb header_3_font=\u00a0\u00bb|700|||||||\u00a0\u00bb header_3_text_color=\u00a0\u00bb#FFFFFF\u00a0\u00bb header_3_font_size=\u00a0\u00bb34px\u00a0\u00bb header_3_letter_spacing=\u00a0\u00bb1px\u00a0\u00bb global_colors_info=\u00a0\u00bb{}\u00a0\u00bb]<\/p>\n<h3 style=\"text-align: center;\">C\u00c2BLAGE<\/h3>\n<p>[\/et_pb_text][\/et_pb_column][et_pb_column type=\u00a0\u00bb1_3&Prime; _builder_version=\u00a0\u00bb4.16&Prime; _module_preset=\u00a0\u00bbdefault\u00a0\u00bb background_color=\u00a0\u00bb#2565ad\u00a0\u00bb background_image=\u00a0\u00bbhttps:\/\/insyte.es\/wp-content\/uploads\/2021\/07\/servicio-de-test.jpg\u00a0\u00bb background_blend=\u00a0\u00bbsoft-light\u00a0\u00bb custom_padding=\u00a0\u00bb120px|10px|120px|10px|true|true\u00a0\u00bb link_option_url=\u00a0\u00bbhttps:\/\/insyte.es\/fr\/services\/test\/\u00a0\u00bb global_colors_info=\u00a0\u00bb{}\u00a0\u00bb background__hover_enabled=\u00a0\u00bbon|hover\u00a0\u00bb background_color__hover=\u00a0\u00bbrgba(0,0,0,0.75)\u00a0\u00bb background_enable_color__hover=\u00a0\u00bbon\u00a0\u00bb][et_pb_text _builder_version=\u00a0\u00bb4.16&Prime; _module_preset=\u00a0\u00bbdefault\u00a0\u00bb header_3_font=\u00a0\u00bb|700|||||||\u00a0\u00bb header_3_text_color=\u00a0\u00bb#FFFFFF\u00a0\u00bb header_3_font_size=\u00a0\u00bb34px\u00a0\u00bb header_3_letter_spacing=\u00a0\u00bb1px\u00a0\u00bb global_colors_info=\u00a0\u00bb{}\u00a0\u00bb]<\/p>\n<h3 style=\"text-align: center;\">TEST<\/h3>\n<p>[\/et_pb_text][\/et_pb_column][et_pb_column type=\u00a0\u00bb1_3&Prime; _builder_version=\u00a0\u00bb4.16&Prime; _module_preset=\u00a0\u00bbdefault\u00a0\u00bb background_color=\u00a0\u00bb#2565ad\u00a0\u00bb background_image=\u00a0\u00bbhttps:\/\/insyte.es\/wp-content\/uploads\/2021\/07\/servicio-de-reparacion.jpg\u00a0\u00bb background_blend=\u00a0\u00bbsoft-light\u00a0\u00bb custom_padding=\u00a0\u00bb120px|10px|120px|10px|true|true\u00a0\u00bb link_option_url=\u00a0\u00bbhttps:\/\/insyte.es\/fr\/services\/reparation-et-de-maintenance\/\u00a0\u00bb global_colors_info=\u00a0\u00bb{}\u00a0\u00bb background__hover_enabled=\u00a0\u00bbon|hover\u00a0\u00bb background_color__hover=\u00a0\u00bbrgba(0,0,0,0.75)\u00a0\u00bb background_enable_color__hover=\u00a0\u00bbon\u00a0\u00bb][et_pb_text _builder_version=\u00a0\u00bb4.20.4&Prime; _module_preset=\u00a0\u00bbdefault\u00a0\u00bb header_3_font=\u00a0\u00bb|700|||||||\u00a0\u00bb header_3_text_color=\u00a0\u00bb#FFFFFF\u00a0\u00bb header_3_font_size=\u00a0\u00bb34px\u00a0\u00bb header_3_letter_spacing=\u00a0\u00bb1px\u00a0\u00bb global_colors_info=\u00a0\u00bb{}\u00a0\u00bb]<\/p>\n<h3 style=\"text-align: center;\">MISE \u00c0 JOUR<\/h3>\n<p>[\/et_pb_text][\/et_pb_column][\/et_pb_row][\/et_pb_section]<\/p>\n","protected":false},"excerpt":{"rendered":"<p>Sp\u00e9cialisation et adaptation technologiquesING\u00c9NIERIEASSEMBLAGEC\u00c2BLAGETESTMISE \u00c0 JOUR<\/p>\n","protected":false},"author":1,"featured_media":966,"parent":0,"menu_order":0,"comment_status":"closed","ping_status":"closed","template":"","meta":{"_et_pb_use_builder":"on","_et_pb_old_content":"","_et_gb_content_width":"","inline_featured_image":false,"footnotes":""},"class_list":["post-965","page","type-page","status-publish","has-post-thumbnail","hentry"],"_links":{"self":[{"href":"https:\/\/insyte.es\/fr\/wp-json\/wp\/v2\/pages\/965","targetHints":{"allow":["GET"]}}],"collection":[{"href":"https:\/\/insyte.es\/fr\/wp-json\/wp\/v2\/pages"}],"about":[{"href":"https:\/\/insyte.es\/fr\/wp-json\/wp\/v2\/types\/page"}],"author":[{"embeddable":true,"href":"https:\/\/insyte.es\/fr\/wp-json\/wp\/v2\/users\/1"}],"replies":[{"embeddable":true,"href":"https:\/\/insyte.es\/fr\/wp-json\/wp\/v2\/comments?post=965"}],"version-history":[{"count":2,"href":"https:\/\/insyte.es\/fr\/wp-json\/wp\/v2\/pages\/965\/revisions"}],"predecessor-version":[{"id":2055,"href":"https:\/\/insyte.es\/fr\/wp-json\/wp\/v2\/pages\/965\/revisions\/2055"}],"wp:featuredmedia":[{"embeddable":true,"href":"https:\/\/insyte.es\/fr\/wp-json\/wp\/v2\/media\/966"}],"wp:attachment":[{"href":"https:\/\/insyte.es\/fr\/wp-json\/wp\/v2\/media?parent=965"}],"curies":[{"name":"wp","href":"https:\/\/api.w.org\/{rel}","templated":true}]}}