{"id":1038,"date":"2021-07-22T11:45:19","date_gmt":"2021-07-22T11:45:19","guid":{"rendered":"https:\/\/insyte.es\/sectores\/naval\/"},"modified":"2021-09-30T13:17:58","modified_gmt":"2021-09-30T13:17:58","slug":"naval-civil-et-militaire","status":"publish","type":"page","link":"https:\/\/insyte.es\/fr\/secteurs\/naval-civil-et-militaire\/","title":{"rendered":"Naval civil et militaire"},"content":{"rendered":"<p>[et_pb_section fb_built=\u00a0\u00bb1&Prime; _builder_version=\u00a0\u00bb4.9.10&Prime; _module_preset=\u00a0\u00bbdefault\u00a0\u00bb][et_pb_row _builder_version=\u00a0\u00bb4.9.10&Prime; _module_preset=\u00a0\u00bbdefault\u00a0\u00bb][et_pb_column type=\u00a0\u00bb4_4&Prime; _builder_version=\u00a0\u00bb4.9.10&Prime; _module_preset=\u00a0\u00bbdefault\u00a0\u00bb][et_pb_text _builder_version=\u00a0\u00bb4.9.10&Prime; _module_preset=\u00a0\u00bbdefault\u00a0\u00bb text_font_size=\u00a0\u00bb18px\u00a0\u00bb text_line_height=\u00a0\u00bb1.6em\u00a0\u00bb hover_enabled=\u00a0\u00bb0&Prime; sticky_enabled=\u00a0\u00bb0&Prime;]Chez Insyte S.A., nous produisons des \u00e9quipements \u00e9lectroniques pour le secteur naval, tant civil que militaire.  Nous d\u00e9veloppons les derni\u00e8res technologies pour les syst\u00e8mes int\u00e9gr\u00e9s dans tous les types de navires dans diff\u00e9rents domaines.<\/p>\n<p>Insyte S.A. s&rsquo;engage \u00e0 d\u00e9velopper des services de la plus haute qualit\u00e9 et \u00e0 satisfaire ses clients. C&rsquo;est pourquoi nous disposons d&rsquo;une \u00e9quipe de sp\u00e9cialistes du secteur pour obtenir les meilleurs r\u00e9sultats et avec la garantie dont le client a besoin.[\/et_pb_text][\/et_pb_column][\/et_pb_row][et_pb_row column_structure=\u00a0\u00bb1_3,1_3,1_3&Prime; _builder_version=\u00a0\u00bb4.9.10&Prime; _module_preset=\u00a0\u00bbdefault\u00a0\u00bb max_width=\u00a0\u00bb2560px\u00a0\u00bb][et_pb_column type=\u00a0\u00bb1_3&Prime; _builder_version=\u00a0\u00bb4.9.10&Prime; _module_preset=\u00a0\u00bbdefault\u00a0\u00bb][et_pb_image src=\u00a0\u00bbhttps:\/\/insyte.es\/wp-content\/uploads\/2021\/07\/s_naval_2.jpg\u00a0\u00bb title_text=\u00a0\u00bbs_naval_2&Prime; _builder_version=\u00a0\u00bb4.9.10&Prime; _module_preset=\u00a0\u00bbdefault\u00a0\u00bb][\/et_pb_image][\/et_pb_column][et_pb_column type=\u00a0\u00bb1_3&Prime; _builder_version=\u00a0\u00bb4.9.10&Prime; _module_preset=\u00a0\u00bbdefault\u00a0\u00bb][et_pb_image src=\u00a0\u00bbhttps:\/\/insyte.es\/wp-content\/uploads\/2021\/07\/s_naval_1.jpg\u00a0\u00bb title_text=\u00a0\u00bbs_naval_1&Prime; _builder_version=\u00a0\u00bb4.9.10&Prime; _module_preset=\u00a0\u00bbdefault\u00a0\u00bb][\/et_pb_image][\/et_pb_column][et_pb_column type=\u00a0\u00bb1_3&Prime; _builder_version=\u00a0\u00bb4.9.10&Prime; _module_preset=\u00a0\u00bbdefault\u00a0\u00bb][et_pb_image src=\u00a0\u00bbhttps:\/\/insyte.es\/wp-content\/uploads\/2021\/07\/s_naval_3.jpg\u00a0\u00bb title_text=\u00a0\u00bbs_naval_3&Prime; _builder_version=\u00a0\u00bb4.9.10&Prime; _module_preset=\u00a0\u00bbdefault\u00a0\u00bb][\/et_pb_image][\/et_pb_column][\/et_pb_row][\/et_pb_section]<\/p>\n","protected":false},"excerpt":{"rendered":"<p>Chez Insyte S.A., nous produisons des \u00e9quipements \u00e9lectroniques pour le secteur naval, tant civil que militaire. Nous d\u00e9veloppons les derni\u00e8res technologies pour les syst\u00e8mes int\u00e9gr\u00e9s dans tous les types de navires dans diff\u00e9rents domaines. Insyte S.A. s&rsquo;engage \u00e0 d\u00e9velopper des services de la plus haute qualit\u00e9 et \u00e0 satisfaire ses clients. C&rsquo;est pourquoi nous disposons [&hellip;]<\/p>\n","protected":false},"author":1,"featured_media":1039,"parent":1001,"menu_order":0,"comment_status":"closed","ping_status":"closed","template":"","meta":{"_et_pb_use_builder":"on","_et_pb_old_content":"","_et_gb_content_width":"","inline_featured_image":false,"footnotes":""},"class_list":["post-1038","page","type-page","status-publish","has-post-thumbnail","hentry"],"_links":{"self":[{"href":"https:\/\/insyte.es\/fr\/wp-json\/wp\/v2\/pages\/1038","targetHints":{"allow":["GET"]}}],"collection":[{"href":"https:\/\/insyte.es\/fr\/wp-json\/wp\/v2\/pages"}],"about":[{"href":"https:\/\/insyte.es\/fr\/wp-json\/wp\/v2\/types\/page"}],"author":[{"embeddable":true,"href":"https:\/\/insyte.es\/fr\/wp-json\/wp\/v2\/users\/1"}],"replies":[{"embeddable":true,"href":"https:\/\/insyte.es\/fr\/wp-json\/wp\/v2\/comments?post=1038"}],"version-history":[{"count":0,"href":"https:\/\/insyte.es\/fr\/wp-json\/wp\/v2\/pages\/1038\/revisions"}],"up":[{"embeddable":true,"href":"https:\/\/insyte.es\/fr\/wp-json\/wp\/v2\/pages\/1001"}],"wp:featuredmedia":[{"embeddable":true,"href":"https:\/\/insyte.es\/fr\/wp-json\/wp\/v2\/media\/1039"}],"wp:attachment":[{"href":"https:\/\/insyte.es\/fr\/wp-json\/wp\/v2\/media?parent=1038"}],"curies":[{"name":"wp","href":"https:\/\/api.w.org\/{rel}","templated":true}]}}