{"id":1032,"date":"2021-07-22T11:25:37","date_gmt":"2021-07-22T11:25:37","guid":{"rendered":"https:\/\/insyte.es\/sectores\/ferroviario\/"},"modified":"2021-10-05T07:18:21","modified_gmt":"2021-10-05T07:18:21","slug":"transport","status":"publish","type":"page","link":"https:\/\/insyte.es\/fr\/secteurs\/transport\/","title":{"rendered":"Transport"},"content":{"rendered":"<p>[et_pb_section fb_built=\u00a0\u00bb1&Prime; _builder_version=\u00a0\u00bb4.9.10&Prime; _module_preset=\u00a0\u00bbdefault\u00a0\u00bb global_colors_info=\u00a0\u00bb{}\u00a0\u00bb][et_pb_row _builder_version=\u00a0\u00bb4.9.10&Prime; _module_preset=\u00a0\u00bbdefault\u00a0\u00bb global_colors_info=\u00a0\u00bb{}\u00a0\u00bb][et_pb_column type=\u00a0\u00bb4_4&Prime; _builder_version=\u00a0\u00bb4.9.10&Prime; _module_preset=\u00a0\u00bbdefault\u00a0\u00bb global_colors_info=\u00a0\u00bb{}\u00a0\u00bb][et_pb_text _builder_version=\u00a0\u00bb4.9.10&Prime; _module_preset=\u00a0\u00bbdefault\u00a0\u00bb text_font_size=\u00a0\u00bb18px\u00a0\u00bb text_line_height=\u00a0\u00bb1.6em\u00a0\u00bb global_colors_info=\u00a0\u00bb{}\u00a0\u00bb]Insyte S.A. poss\u00e8de une vaste exp\u00e9rience dans le secteur ferroviaire. Notre objectif est d&rsquo;offrir au client la meilleure conception pour la fabrication correcte et la mise en \u0153uvre ult\u00e9rieure de syst\u00e8mes embarqu\u00e9s dans tous les types d&rsquo;unit\u00e9s ferroviaires, en fournissant un service aux \u00e9quipements au sol pour le contr\u00f4le et la signalisation.<\/p>\n<p>\u00c0 cette fin, nous disposons d&rsquo;une \u00e9quipe d&rsquo;ing\u00e9nieurs sp\u00e9cialis\u00e9s dans le d\u00e9veloppement complet du projet, depuis la mise en service du projet jusqu&rsquo;\u00e0 sa livraison et sa mise en service.<\/p>\n<p>La technologie la plus avanc\u00e9e est combin\u00e9e \u00e0 nos syst\u00e8mes de test qui offrent l&rsquo;un des indices de s\u00e9curit\u00e9 les plus \u00e9lev\u00e9s du march\u00e9.[\/et_pb_text][\/et_pb_column][\/et_pb_row][et_pb_row column_structure=\u00a0\u00bb1_3,1_3,1_3&Prime; make_equal=\u00a0\u00bbon\u00a0\u00bb _builder_version=\u00a0\u00bb4.9.10&Prime; _module_preset=\u00a0\u00bbdefault\u00a0\u00bb max_width=\u00a0\u00bb2560px\u00a0\u00bb global_colors_info=\u00a0\u00bb{}\u00a0\u00bb][et_pb_column type=\u00a0\u00bb1_3&Prime; _builder_version=\u00a0\u00bb4.9.10&Prime; _module_preset=\u00a0\u00bbdefault\u00a0\u00bb global_colors_info=\u00a0\u00bb{}\u00a0\u00bb][et_pb_image src=\u00a0\u00bbhttps:\/\/insyte.es\/wp-content\/uploads\/2021\/07\/ferroviario_5.jpg\u00a0\u00bb title_text=\u00a0\u00bbferroviario_5&Prime; _builder_version=\u00a0\u00bb4.9.10&Prime; _module_preset=\u00a0\u00bbdefault\u00a0\u00bb global_colors_info=\u00a0\u00bb{}\u00a0\u00bb][\/et_pb_image][\/et_pb_column][et_pb_column type=\u00a0\u00bb1_3&Prime; _builder_version=\u00a0\u00bb4.9.10&Prime; _module_preset=\u00a0\u00bbdefault\u00a0\u00bb global_colors_info=\u00a0\u00bb{}\u00a0\u00bb][et_pb_image src=\u00a0\u00bbhttps:\/\/insyte.es\/wp-content\/uploads\/2021\/07\/ferroviario_4.jpg\u00a0\u00bb title_text=\u00a0\u00bbferroviario_4&Prime; _builder_version=\u00a0\u00bb4.9.10&Prime; _module_preset=\u00a0\u00bbdefault\u00a0\u00bb global_colors_info=\u00a0\u00bb{}\u00a0\u00bb][\/et_pb_image][\/et_pb_column][et_pb_column type=\u00a0\u00bb1_3&Prime; _builder_version=\u00a0\u00bb4.9.10&Prime; _module_preset=\u00a0\u00bbdefault\u00a0\u00bb global_colors_info=\u00a0\u00bb{}\u00a0\u00bb][et_pb_image src=\u00a0\u00bbhttps:\/\/insyte.es\/wp-content\/uploads\/2021\/07\/ferroviario_1.jpg\u00a0\u00bb title_text=\u00a0\u00bbferroviario_1&Prime; _builder_version=\u00a0\u00bb4.9.10&Prime; _module_preset=\u00a0\u00bbdefault\u00a0\u00bb global_colors_info=\u00a0\u00bb{}\u00a0\u00bb][\/et_pb_image][\/et_pb_column][\/et_pb_row][et_pb_row column_structure=\u00a0\u00bb1_3,1_3,1_3&Prime; make_equal=\u00a0\u00bbon\u00a0\u00bb _builder_version=\u00a0\u00bb4.9.10&Prime; _module_preset=\u00a0\u00bbdefault\u00a0\u00bb max_width=\u00a0\u00bb2560px\u00a0\u00bb global_colors_info=\u00a0\u00bb{}\u00a0\u00bb][et_pb_column type=\u00a0\u00bb1_3&Prime; _builder_version=\u00a0\u00bb4.9.10&Prime; _module_preset=\u00a0\u00bbdefault\u00a0\u00bb global_colors_info=\u00a0\u00bb{}\u00a0\u00bb][et_pb_image src=\u00a0\u00bbhttps:\/\/insyte.es\/wp-content\/uploads\/2021\/07\/ferroviario_3.jpg\u00a0\u00bb title_text=\u00a0\u00bbferroviario_3&Prime; _builder_version=\u00a0\u00bb4.9.10&Prime; _module_preset=\u00a0\u00bbdefault\u00a0\u00bb global_colors_info=\u00a0\u00bb{}\u00a0\u00bb][\/et_pb_image][\/et_pb_column][et_pb_column type=\u00a0\u00bb1_3&Prime; _builder_version=\u00a0\u00bb4.9.10&Prime; _module_preset=\u00a0\u00bbdefault\u00a0\u00bb global_colors_info=\u00a0\u00bb{}\u00a0\u00bb][et_pb_image src=\u00a0\u00bbhttps:\/\/insyte.es\/wp-content\/uploads\/2021\/07\/ferroviario_2.jpg\u00a0\u00bb title_text=\u00a0\u00bbferroviario_2&Prime; _builder_version=\u00a0\u00bb4.9.10&Prime; _module_preset=\u00a0\u00bbdefault\u00a0\u00bb global_colors_info=\u00a0\u00bb{}\u00a0\u00bb][\/et_pb_image][\/et_pb_column][et_pb_column type=\u00a0\u00bb1_3&Prime; _builder_version=\u00a0\u00bb4.9.10&Prime; _module_preset=\u00a0\u00bbdefault\u00a0\u00bb global_colors_info=\u00a0\u00bb{}\u00a0\u00bb][\/et_pb_column][\/et_pb_row][\/et_pb_section]<\/p>\n","protected":false},"excerpt":{"rendered":"<p>Insyte S.A. poss\u00e8de une vaste exp\u00e9rience dans le secteur ferroviaire. Notre objectif est d&rsquo;offrir au client la meilleure conception pour la fabrication correcte et la mise en \u0153uvre ult\u00e9rieure de syst\u00e8mes embarqu\u00e9s dans tous les types d&rsquo;unit\u00e9s ferroviaires, en fournissant un service aux \u00e9quipements au sol pour le contr\u00f4le et la signalisation. \u00c0 cette fin, [&hellip;]<\/p>\n","protected":false},"author":1,"featured_media":1033,"parent":1001,"menu_order":0,"comment_status":"closed","ping_status":"closed","template":"","meta":{"_et_pb_use_builder":"on","_et_pb_old_content":"","_et_gb_content_width":"","inline_featured_image":false,"footnotes":""},"class_list":["post-1032","page","type-page","status-publish","has-post-thumbnail","hentry"],"_links":{"self":[{"href":"https:\/\/insyte.es\/fr\/wp-json\/wp\/v2\/pages\/1032","targetHints":{"allow":["GET"]}}],"collection":[{"href":"https:\/\/insyte.es\/fr\/wp-json\/wp\/v2\/pages"}],"about":[{"href":"https:\/\/insyte.es\/fr\/wp-json\/wp\/v2\/types\/page"}],"author":[{"embeddable":true,"href":"https:\/\/insyte.es\/fr\/wp-json\/wp\/v2\/users\/1"}],"replies":[{"embeddable":true,"href":"https:\/\/insyte.es\/fr\/wp-json\/wp\/v2\/comments?post=1032"}],"version-history":[{"count":0,"href":"https:\/\/insyte.es\/fr\/wp-json\/wp\/v2\/pages\/1032\/revisions"}],"up":[{"embeddable":true,"href":"https:\/\/insyte.es\/fr\/wp-json\/wp\/v2\/pages\/1001"}],"wp:featuredmedia":[{"embeddable":true,"href":"https:\/\/insyte.es\/fr\/wp-json\/wp\/v2\/media\/1033"}],"wp:attachment":[{"href":"https:\/\/insyte.es\/fr\/wp-json\/wp\/v2\/media?parent=1032"}],"curies":[{"name":"wp","href":"https:\/\/api.w.org\/{rel}","templated":true}]}}