{"id":997,"date":"2021-06-29T11:01:40","date_gmt":"2021-06-29T11:01:40","guid":{"rendered":"https:\/\/insyte.es\/servicios\/reparacion\/"},"modified":"2021-10-04T14:22:16","modified_gmt":"2021-10-04T14:22:16","slug":"reparatur-und-wartung","status":"publish","type":"page","link":"https:\/\/insyte.es\/de\/serviceleistungen\/reparatur-und-wartung\/","title":{"rendered":"Reparatur und Wartung"},"content":{"rendered":"<p>[et_pb_section fb_built=&#8220;1&#8243; _builder_version=&#8220;4.9.7&#8243; _module_preset=&#8220;default&#8220; global_colors_info=&#8220;{}&#8220;][et_pb_row column_structure=&#8220;1_2,1_2&#8243; _builder_version=&#8220;4.9.7&#8243; _module_preset=&#8220;default&#8220; global_colors_info=&#8220;{}&#8220;][et_pb_column type=&#8220;1_2&#8243; _builder_version=&#8220;4.9.7&#8243; _module_preset=&#8220;default&#8220; global_colors_info=&#8220;{}&#8220;][et_pb_text ul_type=&#8220;circle&#8220; module_id=&#8220;servicios&#8220; _builder_version=&#8220;4.11.0&#8243; _module_preset=&#8220;default&#8220; text_font_size=&#8220;18px&#8220; text_line_height=&#8220;1.5em&#8220; ul_text_color=&#8220;#2565ad&#8220; global_colors_info=&#8220;{}&#8220;]<\/p>\n<p>Bei Insyte S.A. k\u00fcmmern wir uns um den Kundendienst, um die Zuverl\u00e4ssigkeit zu erhalten und die strengsten Qualit\u00e4tsstandards einzuhalten. Dabei k\u00fcmmern wir uns um die Reparatur von Karten, Ger\u00e4ten und Verkabelung. Wir k\u00fcmmern uns um den gesamten Prozess, von der Abholung bis zur Lieferung mit Reparaturbericht. Ersatzmaterial und Reparaturen innerhalb von 24, 48 und 72 Stunden.<\/p>\n<p>[\/et_pb_text][\/et_pb_column][et_pb_column type=&#8220;1_2&#8243; _builder_version=&#8220;4.9.7&#8243; _module_preset=&#8220;default&#8220; global_colors_info=&#8220;{}&#8220;][et_pb_text ul_type=&#8220;circle&#8220; module_id=&#8220;servicios&#8220; _builder_version=&#8220;4.11.0&#8243; _module_preset=&#8220;default&#8220; ul_text_color=&#8220;#2565ad&#8220; global_colors_info=&#8220;{}&#8220;]<\/p>\n<ul>\n<li><span style=\"color: #333333;\">Reparatur von Ger\u00e4ten: auf Komponenten- oder Modulebene.<\/span><\/li>\n<li><span style=\"color: #333333;\">Reparaturen an der Verkabelung: Austausch von Steckern, Splei\u00dfen, usw.<\/span><\/li>\n<li><span style=\"color: #333333;\">Reparatur-Garantie.<\/span><\/li>\n<li><span style=\"color: #333333;\">F\u00e4higkeit zur Installation der Ausr\u00fcstung.<\/span><\/li>\n<li><span style=\"color: #333333;\">Suchen Sie nach veralteten Komponenten und suchen Sie nach alternativen Komponenten.<\/span><\/li>\n<li><span style=\"color: #333333;\">Pr\u00fcfung der reparierten Produkte.<\/span><\/li>\n<li><span style=\"color: #333333;\">M\u00f6glichkeit der Vor-Ort-Reparatur von Kabeln.<\/span><\/li>\n<\/ul>\n<p>[\/et_pb_text][\/et_pb_column][\/et_pb_row][et_pb_row column_structure=&#8220;1_3,1_3,1_3&#8243; make_equal=&#8220;on&#8220; _builder_version=&#8220;4.9.7&#8243; _module_preset=&#8220;default&#8220; max_width=&#8220;2560px&#8220; global_colors_info=&#8220;{}&#8220;][et_pb_column type=&#8220;1_3&#8243; _builder_version=&#8220;4.9.7&#8243; _module_preset=&#8220;default&#8220; global_colors_info=&#8220;{}&#8220;][et_pb_image src=&#8220;https:\/\/insyte.es\/wp-content\/uploads\/2021\/07\/reparacion-de-componentes-electronicos.jpg&#8220; title_text=&#8220;reparacion-de-componentes-electronicos&#8220; show_in_lightbox=&#8220;on&#8220; use_overlay=&#8220;on&#8220; overlay_icon_color=&#8220;#2565ad&#8220; hover_overlay_color=&#8220;rgba(255,255,255,0.8)&#8220; hover_icon=&#8220;%%43%%&#8220; align=&#8220;center&#8220; _builder_version=&#8220;4.9.7&#8243; _module_preset=&#8220;default&#8220; global_colors_info=&#8220;{}&#8220;][\/et_pb_image][\/et_pb_column][et_pb_column type=&#8220;1_3&#8243; _builder_version=&#8220;4.9.7&#8243; _module_preset=&#8220;default&#8220; global_colors_info=&#8220;{}&#8220;][et_pb_image src=&#8220;https:\/\/insyte.es\/wp-content\/uploads\/2021\/07\/reparacion-de-modulos-de-equipos.jpg&#8220; title_text=&#8220;reparacion-de-componentes-electronicos&#8220; show_in_lightbox=&#8220;on&#8220; use_overlay=&#8220;on&#8220; overlay_icon_color=&#8220;#2565ad&#8220; hover_overlay_color=&#8220;rgba(255,255,255,0.8)&#8220; hover_icon=&#8220;%%43%%&#8220; align=&#8220;center&#8220; _builder_version=&#8220;4.9.7&#8243; _module_preset=&#8220;default&#8220; global_colors_info=&#8220;{}&#8220;][\/et_pb_image][\/et_pb_column][et_pb_column type=&#8220;1_3&#8243; _builder_version=&#8220;4.9.7&#8243; _module_preset=&#8220;default&#8220; global_colors_info=&#8220;{}&#8220;][et_pb_image src=&#8220;https:\/\/insyte.es\/wp-content\/uploads\/2021\/10\/reparacion-de-cableado-electronica.jpg&#8220; title_text=&#8220;reparacion-de-cableado-electronica&#8220; show_in_lightbox=&#8220;on&#8220; use_overlay=&#8220;on&#8220; overlay_icon_color=&#8220;#2565ad&#8220; hover_overlay_color=&#8220;rgba(255,255,255,0.8)&#8220; hover_icon=&#8220;%%43%%&#8220; align=&#8220;center&#8220; _builder_version=&#8220;4.11.0&#8243; _module_preset=&#8220;default&#8220; hover_enabled=&#8220;0&#8243; global_colors_info=&#8220;{}&#8220; sticky_enabled=&#8220;0&#8243;][\/et_pb_image][\/et_pb_column][\/et_pb_row][\/et_pb_section]<\/p>\n","protected":false},"excerpt":{"rendered":"<p>Bei Insyte S.A. k\u00fcmmern wir uns um den Kundendienst, um die Zuverl\u00e4ssigkeit zu erhalten und die strengsten Qualit\u00e4tsstandards einzuhalten. Dabei k\u00fcmmern wir uns um die Reparatur von Karten, Ger\u00e4ten und Verkabelung. Wir k\u00fcmmern uns um den gesamten Prozess, von der Abholung bis zur Lieferung mit Reparaturbericht. Ersatzmaterial und Reparaturen innerhalb von 24, 48 und 72 [&hellip;]<\/p>\n","protected":false},"author":1,"featured_media":998,"parent":967,"menu_order":0,"comment_status":"closed","ping_status":"closed","template":"","meta":{"_et_pb_use_builder":"on","_et_pb_old_content":"","_et_gb_content_width":"","inline_featured_image":false,"footnotes":""},"class_list":["post-997","page","type-page","status-publish","has-post-thumbnail","hentry"],"_links":{"self":[{"href":"https:\/\/insyte.es\/de\/wp-json\/wp\/v2\/pages\/997","targetHints":{"allow":["GET"]}}],"collection":[{"href":"https:\/\/insyte.es\/de\/wp-json\/wp\/v2\/pages"}],"about":[{"href":"https:\/\/insyte.es\/de\/wp-json\/wp\/v2\/types\/page"}],"author":[{"embeddable":true,"href":"https:\/\/insyte.es\/de\/wp-json\/wp\/v2\/users\/1"}],"replies":[{"embeddable":true,"href":"https:\/\/insyte.es\/de\/wp-json\/wp\/v2\/comments?post=997"}],"version-history":[{"count":0,"href":"https:\/\/insyte.es\/de\/wp-json\/wp\/v2\/pages\/997\/revisions"}],"up":[{"embeddable":true,"href":"https:\/\/insyte.es\/de\/wp-json\/wp\/v2\/pages\/967"}],"wp:featuredmedia":[{"embeddable":true,"href":"https:\/\/insyte.es\/de\/wp-json\/wp\/v2\/media\/998"}],"wp:attachment":[{"href":"https:\/\/insyte.es\/de\/wp-json\/wp\/v2\/media?parent=997"}],"curies":[{"name":"wp","href":"https:\/\/api.w.org\/{rel}","templated":true}]}}