{"id":991,"date":"2021-06-29T11:01:17","date_gmt":"2021-06-29T11:01:17","guid":{"rendered":"https:\/\/insyte.es\/servicios\/test\/"},"modified":"2021-10-01T13:07:23","modified_gmt":"2021-10-01T13:07:23","slug":"tests","status":"publish","type":"page","link":"https:\/\/insyte.es\/de\/serviceleistungen\/tests\/","title":{"rendered":"Tests"},"content":{"rendered":"<p>[et_pb_section fb_built=&#8220;1&#8243; _builder_version=&#8220;4.9.7&#8243; _module_preset=&#8220;default&#8220; global_colors_info=&#8220;{}&#8220;][et_pb_row column_structure=&#8220;1_2,1_2&#8243; _builder_version=&#8220;4.9.7&#8243; _module_preset=&#8220;default&#8220; global_colors_info=&#8220;{}&#8220;][et_pb_column type=&#8220;1_2&#8243; _builder_version=&#8220;4.9.7&#8243; _module_preset=&#8220;default&#8220; global_colors_info=&#8220;{}&#8220;][et_pb_text ul_type=&#8220;circle&#8220; _builder_version=&#8220;4.11.0&#8243; _module_preset=&#8220;default&#8220; text_font_size=&#8220;18px&#8220; text_line_height=&#8220;1.5em&#8220; ul_text_color=&#8220;#2565ad&#8220; hover_enabled=&#8220;0&#8243; global_colors_info=&#8220;{}&#8220; sticky_enabled=&#8220;0&#8243;]<br \/>\nBei Insyte S.A. verf\u00fcgen wir \u00fcber die besten Maschinen auf dem Markt, um alle Arten von Tests durchf\u00fchren zu k\u00f6nnen. Bevor wir elektronische Ger\u00e4te dem Pr\u00fcfverfahren unterziehen, entwickeln wir Strategien, die auf jedes Produkt abgestimmt sind. Dieser Service ist der Schl\u00fcssel, um unseren Kunden Qualit\u00e4t zu bieten.<br \/>\n[\/et_pb_text][\/et_pb_column][et_pb_column type=&#8220;1_2&#8243; _builder_version=&#8220;4.9.7&#8243; _module_preset=&#8220;default&#8220; global_colors_info=&#8220;{}&#8220;][et_pb_text ul_type=&#8220;circle&#8220; _builder_version=&#8220;4.11.0&#8243; _module_preset=&#8220;default&#8220; ul_text_color=&#8220;#2565ad&#8220; hover_enabled=&#8220;0&#8243; global_colors_info=&#8220;{}&#8220; sticky_enabled=&#8220;0&#8243;]<\/p>\n<ul>\n<li><span style=\"color: #333333;\">Die Tests werden mit R\u00f6ntgenstrahlen durchgef\u00fchrt, um Folgendes zu pr\u00fcfen: auf Leiterplatten die Montage von BGAs und \u03bcBGAs; in der Verdrahtung die korrekte Verbindung\/Montage von Steckern; in Wicklungen die Abwesenheit von Blasen usw.<\/span><\/li>\n<li><span style=\"color: #333333;\">Dazu geh\u00f6rt auch die 100%ige automatische optische Kontrolle der Platten.<\/span><\/li>\n<li><span style=\"color: #333333;\">Lotpastenkontrolle vor der Montage von SMD-Bauteilen zur \u00dcberpr\u00fcfung der korrekten Anwendung.<\/span><\/li>\n<li><span style=\"color: #333333;\">Elektrische \u00dcberpr\u00fcfung vor der Montage von SMD-Bauteilen.<\/span><\/li>\n<li><span style=\"color: #333333;\">Elektrische Pr\u00fcfung von Leiterplatten mit Flying-Probes.<\/span><\/li>\n<li><span style=\"color: #333333;\">Durchgangspr\u00fcfung f\u00fcr Verdrahtung, Leitungen, Crimp Pull, Hochspannung, Frequenz, OTDR, OLTS, Einf\u00fcged\u00e4mpfung, Interferometrie.<\/span><\/li>\n<li><span style=\"color: #333333;\">Wir f\u00fchren auch Tests durch, bei denen wir die Ger\u00e4te ung\u00fcnstigen Temperaturen aussetzen.<\/span><\/li>\n<li><span style=\"color: #333333;\">Unser Pr\u00fcfservice macht Insyte S.A. zu einem der f\u00fchrenden Unternehmen in der Herstellung von elektronischen Ger\u00e4ten und bietet 99% Zuverl\u00e4ssigkeit.<\/span><\/li>\n<\/ul>\n<p>[\/et_pb_text][\/et_pb_column][\/et_pb_row][et_pb_row column_structure=&#8220;1_3,1_3,1_3&#8243; make_equal=&#8220;on&#8220; _builder_version=&#8220;4.9.7&#8243; _module_preset=&#8220;default&#8220; max_width=&#8220;2560px&#8220; global_colors_info=&#8220;{}&#8220;][et_pb_column type=&#8220;1_3&#8243; _builder_version=&#8220;4.9.7&#8243; _module_preset=&#8220;default&#8220; global_colors_info=&#8220;{}&#8220;][et_pb_image src=&#8220;https:\/\/insyte.es\/wp-content\/uploads\/2021\/07\/comprobacion-componentes-electronicos.jpg&#8220; title_text=&#8220;comprobacion-componentes-electronicos&#8220; show_in_lightbox=&#8220;on&#8220; use_overlay=&#8220;on&#8220; overlay_icon_color=&#8220;#2565ad&#8220; hover_overlay_color=&#8220;rgba(255,255,255,0.8)&#8220; hover_icon=&#8220;%%43%%&#8220; align=&#8220;center&#8220; _builder_version=&#8220;4.9.7&#8243; _module_preset=&#8220;default&#8220; global_colors_info=&#8220;{}&#8220;][\/et_pb_image][\/et_pb_column][et_pb_column type=&#8220;1_3&#8243; _builder_version=&#8220;4.9.7&#8243; _module_preset=&#8220;default&#8220; global_colors_info=&#8220;{}&#8220;][et_pb_image src=&#8220;https:\/\/insyte.es\/wp-content\/uploads\/2021\/07\/testeo-de-componentes-equipos.jpg&#8220; title_text=&#8220;testeo-de-componentes-equipos&#8220; show_in_lightbox=&#8220;on&#8220; use_overlay=&#8220;on&#8220; overlay_icon_color=&#8220;#2565ad&#8220; hover_overlay_color=&#8220;rgba(255,255,255,0.8)&#8220; hover_icon=&#8220;%%43%%&#8220; align=&#8220;center&#8220; _builder_version=&#8220;4.9.7&#8243; _module_preset=&#8220;default&#8220; global_colors_info=&#8220;{}&#8220;][\/et_pb_image][\/et_pb_column][et_pb_column type=&#8220;1_3&#8243; _builder_version=&#8220;4.9.7&#8243; _module_preset=&#8220;default&#8220; global_colors_info=&#8220;{}&#8220;][et_pb_image src=&#8220;https:\/\/insyte.es\/wp-content\/uploads\/2021\/07\/bancos-de-pruebas-test-electronica.jpg&#8220; title_text=&#8220;bancos-de-pruebas-test-electronica&#8220; show_in_lightbox=&#8220;on&#8220; use_overlay=&#8220;on&#8220; overlay_icon_color=&#8220;#2565ad&#8220; hover_overlay_color=&#8220;rgba(255,255,255,0.8)&#8220; hover_icon=&#8220;%%43%%&#8220; align=&#8220;center&#8220; _builder_version=&#8220;4.9.7&#8243; _module_preset=&#8220;default&#8220; global_colors_info=&#8220;{}&#8220;][\/et_pb_image][\/et_pb_column][\/et_pb_row][\/et_pb_section]<\/p>\n","protected":false},"excerpt":{"rendered":"<p>Bei Insyte S.A. verf\u00fcgen wir \u00fcber die besten Maschinen auf dem Markt, um alle Arten von Tests durchf\u00fchren zu k\u00f6nnen. Bevor wir elektronische Ger\u00e4te dem Pr\u00fcfverfahren unterziehen, entwickeln wir Strategien, die auf jedes Produkt abgestimmt sind. Dieser Service ist der Schl\u00fcssel, um unseren Kunden Qualit\u00e4t zu bieten. Die Tests werden mit R\u00f6ntgenstrahlen durchgef\u00fchrt, um Folgendes [&hellip;]<\/p>\n","protected":false},"author":1,"featured_media":992,"parent":967,"menu_order":0,"comment_status":"closed","ping_status":"closed","template":"","meta":{"_et_pb_use_builder":"on","_et_pb_old_content":"","_et_gb_content_width":"","inline_featured_image":false,"footnotes":""},"class_list":["post-991","page","type-page","status-publish","has-post-thumbnail","hentry"],"_links":{"self":[{"href":"https:\/\/insyte.es\/de\/wp-json\/wp\/v2\/pages\/991","targetHints":{"allow":["GET"]}}],"collection":[{"href":"https:\/\/insyte.es\/de\/wp-json\/wp\/v2\/pages"}],"about":[{"href":"https:\/\/insyte.es\/de\/wp-json\/wp\/v2\/types\/page"}],"author":[{"embeddable":true,"href":"https:\/\/insyte.es\/de\/wp-json\/wp\/v2\/users\/1"}],"replies":[{"embeddable":true,"href":"https:\/\/insyte.es\/de\/wp-json\/wp\/v2\/comments?post=991"}],"version-history":[{"count":0,"href":"https:\/\/insyte.es\/de\/wp-json\/wp\/v2\/pages\/991\/revisions"}],"up":[{"embeddable":true,"href":"https:\/\/insyte.es\/de\/wp-json\/wp\/v2\/pages\/967"}],"wp:featuredmedia":[{"embeddable":true,"href":"https:\/\/insyte.es\/de\/wp-json\/wp\/v2\/media\/992"}],"wp:attachment":[{"href":"https:\/\/insyte.es\/de\/wp-json\/wp\/v2\/media?parent=991"}],"curies":[{"name":"wp","href":"https:\/\/api.w.org\/{rel}","templated":true}]}}