{"id":985,"date":"2021-06-29T11:00:56","date_gmt":"2021-06-29T11:00:56","guid":{"rendered":"https:\/\/insyte.es\/servicios\/cableado\/"},"modified":"2021-10-04T14:17:12","modified_gmt":"2021-10-04T14:17:12","slug":"verkabelungen","status":"publish","type":"page","link":"https:\/\/insyte.es\/de\/serviceleistungen\/verkabelungen\/","title":{"rendered":"Verkabelungen"},"content":{"rendered":"<p>[et_pb_section fb_built=&#8220;1&#8243; _builder_version=&#8220;4.9.7&#8243; _module_preset=&#8220;default&#8220; global_colors_info=&#8220;{}&#8220;][et_pb_row column_structure=&#8220;1_2,1_2&#8243; _builder_version=&#8220;4.9.7&#8243; _module_preset=&#8220;default&#8220; global_colors_info=&#8220;{}&#8220;][et_pb_column type=&#8220;1_2&#8243; _builder_version=&#8220;4.9.7&#8243; _module_preset=&#8220;default&#8220; global_colors_info=&#8220;{}&#8220;][et_pb_text ul_type=&#8220;circle&#8220; module_id=&#8220;servicios&#8220; _builder_version=&#8220;4.11.0&#8243; _module_preset=&#8220;default&#8220; text_font_size=&#8220;18px&#8220; text_line_height=&#8220;1.5em&#8220; ul_text_color=&#8220;#2565ad&#8220; global_colors_info=&#8220;{}&#8220;]Bei Insyte S.A. arbeiten wir mit allen Arten von Kabeln: Glasfaserkabel, mehrpaarige Kabel, Einzeldrahtkabel, Koaxialkabel (tri- und bikoaxial), usw. Und wir stellen alle Arten von Verbindungen her: Quetschverbindungen, Schneidklemmen, usw.[\/et_pb_text][\/et_pb_column][et_pb_column type=&#8220;1_2&#8243; _builder_version=&#8220;4.9.7&#8243; _module_preset=&#8220;default&#8220; global_colors_info=&#8220;{}&#8220;][et_pb_text ul_type=&#8220;circle&#8220; module_id=&#8220;servicios&#8220; _builder_version=&#8220;4.11.0&#8243; _module_preset=&#8220;default&#8220; ul_text_color=&#8220;#2565ad&#8220; global_colors_info=&#8220;{}&#8220;]<\/p>\n<ul>\n<li><span style=\"color: #333333;\">Schneiden und Abisolieren von Schl\u00e4uchen oder Kabeln in allen L\u00e4ngen.<\/span><\/li>\n<li><span style=\"color: #333333;\">Herstellung von Kabelbrettern oder -rahmen.<\/span><\/li>\n<li><span style=\"color: #333333;\">Herstellung von Schl\u00e4uchen mit Nomex-Schutzh\u00fcllen, Manschetten, usw.<\/span><\/li>\n<li><span style=\"color: #333333;\">B\u00fcndelung und Verlegung von Kabeln.<\/span><\/li>\n<li><span style=\"color: #333333;\">Wickeln und Verpacken von Kabeln.<\/span><\/li>\n<li><span style=\"color: #333333;\">Tests aller Art je nach Kabeltyp.<\/span><\/li>\n<li><span style=\"color: #333333;\">Management vom Materialeinkauf bis zur Auslieferung des Produkts.<\/span><\/li>\n<li><span style=\"color: #333333;\">Reparatur der Verkabelung.<\/span><\/li>\n<\/ul>\n<p>[\/et_pb_text][\/et_pb_column][\/et_pb_row][et_pb_row column_structure=&#8220;1_3,1_3,1_3&#8243; make_equal=&#8220;on&#8220; _builder_version=&#8220;4.9.7&#8243; _module_preset=&#8220;default&#8220; max_width=&#8220;2560px&#8220; global_colors_info=&#8220;{}&#8220;][et_pb_column type=&#8220;1_3&#8243; _builder_version=&#8220;4.9.7&#8243; _module_preset=&#8220;default&#8220; global_colors_info=&#8220;{}&#8220;][et_pb_image src=&#8220;https:\/\/insyte.es\/wp-content\/uploads\/2021\/07\/cableado-corte-pelado-mangueras.jpg&#8220; title_text=&#8220;cableado-corte-pelado-mangueras&#8220; show_in_lightbox=&#8220;on&#8220; use_overlay=&#8220;on&#8220; overlay_icon_color=&#8220;#2565ad&#8220; hover_overlay_color=&#8220;rgba(255,255,255,0.8)&#8220; hover_icon=&#8220;%%43%%&#8220; align=&#8220;center&#8220; _builder_version=&#8220;4.9.7&#8243; _module_preset=&#8220;default&#8220; global_colors_info=&#8220;{}&#8220;][\/et_pb_image][\/et_pb_column][et_pb_column type=&#8220;1_3&#8243; _builder_version=&#8220;4.9.7&#8243; _module_preset=&#8220;default&#8220; global_colors_info=&#8220;{}&#8220;][et_pb_image src=&#8220;https:\/\/insyte.es\/wp-content\/uploads\/2021\/07\/atado-y-guiado-de-cableados.jpg&#8220; title_text=&#8220;atado-y-guiado-de-cableados&#8220; show_in_lightbox=&#8220;on&#8220; use_overlay=&#8220;on&#8220; overlay_icon_color=&#8220;#2565ad&#8220; hover_overlay_color=&#8220;rgba(255,255,255,0.8)&#8220; hover_icon=&#8220;%%43%%&#8220; align=&#8220;center&#8220; _builder_version=&#8220;4.9.7&#8243; _module_preset=&#8220;default&#8220; global_colors_info=&#8220;{}&#8220;][\/et_pb_image][\/et_pb_column][et_pb_column type=&#8220;1_3&#8243; _builder_version=&#8220;4.9.7&#8243; _module_preset=&#8220;default&#8220; global_colors_info=&#8220;{}&#8220;][et_pb_image src=&#8220;https:\/\/insyte.es\/wp-content\/uploads\/2021\/10\/cuadros-de-formas-de-cable.jpg&#8220; title_text=&#8220;cuadros-de-formas-de-cable&#8220; show_in_lightbox=&#8220;on&#8220; use_overlay=&#8220;on&#8220; overlay_icon_color=&#8220;#2565ad&#8220; hover_overlay_color=&#8220;rgba(255,255,255,0.8)&#8220; hover_icon=&#8220;%%43%%&#8220; align=&#8220;center&#8220; _builder_version=&#8220;4.11.0&#8243; _module_preset=&#8220;default&#8220; hover_enabled=&#8220;0&#8243; global_colors_info=&#8220;{}&#8220; sticky_enabled=&#8220;0&#8243;][\/et_pb_image][\/et_pb_column][\/et_pb_row][\/et_pb_section]<\/p>\n","protected":false},"excerpt":{"rendered":"<p>Bei Insyte S.A. arbeiten wir mit allen Arten von Kabeln: Glasfaserkabel, mehrpaarige Kabel, Einzeldrahtkabel, Koaxialkabel (tri- und bikoaxial), usw. Und wir stellen alle Arten von Verbindungen her: Quetschverbindungen, Schneidklemmen, usw. Schneiden und Abisolieren von Schl\u00e4uchen oder Kabeln in allen L\u00e4ngen. Herstellung von Kabelbrettern oder -rahmen. Herstellung von Schl\u00e4uchen mit Nomex-Schutzh\u00fcllen, Manschetten, usw. B\u00fcndelung und Verlegung [&hellip;]<\/p>\n","protected":false},"author":1,"featured_media":986,"parent":967,"menu_order":0,"comment_status":"closed","ping_status":"closed","template":"","meta":{"_et_pb_use_builder":"on","_et_pb_old_content":"","_et_gb_content_width":"","inline_featured_image":false,"footnotes":""},"class_list":["post-985","page","type-page","status-publish","has-post-thumbnail","hentry"],"_links":{"self":[{"href":"https:\/\/insyte.es\/de\/wp-json\/wp\/v2\/pages\/985","targetHints":{"allow":["GET"]}}],"collection":[{"href":"https:\/\/insyte.es\/de\/wp-json\/wp\/v2\/pages"}],"about":[{"href":"https:\/\/insyte.es\/de\/wp-json\/wp\/v2\/types\/page"}],"author":[{"embeddable":true,"href":"https:\/\/insyte.es\/de\/wp-json\/wp\/v2\/users\/1"}],"replies":[{"embeddable":true,"href":"https:\/\/insyte.es\/de\/wp-json\/wp\/v2\/comments?post=985"}],"version-history":[{"count":0,"href":"https:\/\/insyte.es\/de\/wp-json\/wp\/v2\/pages\/985\/revisions"}],"up":[{"embeddable":true,"href":"https:\/\/insyte.es\/de\/wp-json\/wp\/v2\/pages\/967"}],"wp:featuredmedia":[{"embeddable":true,"href":"https:\/\/insyte.es\/de\/wp-json\/wp\/v2\/media\/986"}],"wp:attachment":[{"href":"https:\/\/insyte.es\/de\/wp-json\/wp\/v2\/media?parent=985"}],"curies":[{"name":"wp","href":"https:\/\/api.w.org\/{rel}","templated":true}]}}