{"id":979,"date":"2021-06-29T11:00:28","date_gmt":"2021-06-29T11:00:28","guid":{"rendered":"https:\/\/insyte.es\/servicios\/montaje\/"},"modified":"2021-10-01T12:58:25","modified_gmt":"2021-10-01T12:58:25","slug":"leiterplatten-und-endproduktmontage","status":"publish","type":"page","link":"https:\/\/insyte.es\/de\/serviceleistungen\/leiterplatten-und-endproduktmontage\/","title":{"rendered":"Leiterplatten- und Endproduktmontage"},"content":{"rendered":"<p>[et_pb_section fb_built=&#8220;1&#8243; _builder_version=&#8220;4.9.7&#8243; _module_preset=&#8220;default&#8220; global_colors_info=&#8220;{}&#8220;][et_pb_row column_structure=&#8220;1_2,1_2&#8243; _builder_version=&#8220;4.9.7&#8243; _module_preset=&#8220;default&#8220; global_colors_info=&#8220;{}&#8220;][et_pb_column type=&#8220;1_2&#8243; _builder_version=&#8220;4.9.7&#8243; _module_preset=&#8220;default&#8220; global_colors_info=&#8220;{}&#8220;][et_pb_text ul_type=&#8220;circle&#8220; _builder_version=&#8220;4.11.0&#8243; _module_preset=&#8220;default&#8220; text_font_size=&#8220;18px&#8220; text_line_height=&#8220;1.5em&#8220; ul_text_color=&#8220;#2565ad&#8220; hover_enabled=&#8220;0&#8243; global_colors_info=&#8220;{}&#8220; sticky_enabled=&#8220;0&#8243;]<\/p>\n<p>Die Montageabteilung von Insyte S.A. verf\u00fcgt \u00fcber einen hochmodernen Maschinenpark und bem\u00fcht sich um eine st\u00e4ndige Aktualisierung, um die besten Ergebnisse ihrer Produkte zu erzielen. Die Montage der elektronischen Ger\u00e4te erfolgt in den 5500 m2 gro\u00dfen R\u00e4umlichkeiten. Dar\u00fcber hinaus engagiert sich Insyte S.A. f\u00fcr die st\u00e4ndige Weiterbildung seines Personals, was zusammen mit seiner umfangreichen Erfahrung den Erfolg der Herstellung jeder Komponente garantiert.<\/p>\n<p>[\/et_pb_text][\/et_pb_column][et_pb_column type=&#8220;1_2&#8243; _builder_version=&#8220;4.9.7&#8243; _module_preset=&#8220;default&#8220; global_colors_info=&#8220;{}&#8220;][et_pb_text ul_type=&#8220;circle&#8220; module_id=&#8220;servicios&#8220; _builder_version=&#8220;4.11.0&#8243; _module_preset=&#8220;default&#8220; ul_text_color=&#8220;#2565ad&#8220; hover_enabled=&#8220;0&#8243; global_colors_info=&#8220;{}&#8220; sticky_enabled=&#8220;0&#8243;]<\/p>\n<ul>\n<li><span style=\"color: #333333;\">Montage von SMD-Bauteilen (von 0201 bis 2520, TSSOPS, BGA und \u03bcBGAs, VSOP, TQFP, L\/PQFN usw.) mit modernsten Maschinen. RoHs und SnPb.<\/span><\/li>\n<li><span style=\"color: #333333;\">Konventionelle Bauteilmontage: Wellen-, Selektiv- und Handl\u00f6ten.<\/span><\/li>\n<li><span style=\"color: #333333;\">M\u00f6glichkeit des automatischen Waschens und Lackierens von Platten. Messung der Dicke des Lacks.<\/span><\/li>\n<li><span style=\"color: #333333;\">Es besteht die M\u00f6glichkeit, einen Teil der Leiterplatte oder die gesamte Leiterplatte zu kapseln.<\/span><\/li>\n<li><span style=\"color: #333333;\">Herstellung von vollst\u00e4ndig fertiggestellten und gepr\u00fcften Platinen und elektronischen Ger\u00e4ten.<\/span><\/li>\n<li><span style=\"color: #333333;\">Herstellung von Prototypen, Vorserien, kleinen und mittleren Serien.<\/span><\/li>\n<li><span style=\"color: #333333;\">R\u00fcckverfolgbarkeit von Bauteilen, Platinen und Produkten.<\/span><\/li>\n<li><span style=\"color: #333333;\">Kauf aller Komponenten.<\/span><\/li>\n<\/ul>\n<p>[\/et_pb_text][\/et_pb_column][\/et_pb_row][et_pb_row column_structure=&#8220;1_3,1_3,1_3&#8243; make_equal=&#8220;on&#8220; _builder_version=&#8220;4.9.7&#8243; _module_preset=&#8220;default&#8220; max_width=&#8220;2560px&#8220; global_colors_info=&#8220;{}&#8220;][et_pb_column type=&#8220;1_3&#8243; _builder_version=&#8220;4.9.7&#8243; _module_preset=&#8220;default&#8220; global_colors_info=&#8220;{}&#8220;][et_pb_image src=&#8220;https:\/\/insyte.es\/wp-content\/uploads\/2021\/07\/montaje-de-componentes-electronicos.jpg&#8220; title_text=&#8220;montaje-de-componentes-electronicos&#8220; show_in_lightbox=&#8220;on&#8220; use_overlay=&#8220;on&#8220; overlay_icon_color=&#8220;#2565ad&#8220; hover_overlay_color=&#8220;rgba(255,255,255,0.8)&#8220; hover_icon=&#8220;%%43%%&#8220; align=&#8220;center&#8220; _builder_version=&#8220;4.9.7&#8243; _module_preset=&#8220;default&#8220; global_colors_info=&#8220;{}&#8220;][\/et_pb_image][\/et_pb_column][et_pb_column type=&#8220;1_3&#8243; _builder_version=&#8220;4.9.7&#8243; _module_preset=&#8220;default&#8220; global_colors_info=&#8220;{}&#8220;][et_pb_image src=&#8220;https:\/\/insyte.es\/wp-content\/uploads\/2021\/07\/barnizado-de-placas-electronicas.jpg&#8220; title_text=&#8220;barnizado-de-placas-electronicas&#8220; show_in_lightbox=&#8220;on&#8220; use_overlay=&#8220;on&#8220; overlay_icon_color=&#8220;#2565ad&#8220; hover_overlay_color=&#8220;rgba(255,255,255,0.8)&#8220; hover_icon=&#8220;%%43%%&#8220; align=&#8220;center&#8220; _builder_version=&#8220;4.9.7&#8243; _module_preset=&#8220;default&#8220; global_colors_info=&#8220;{}&#8220;][\/et_pb_image][\/et_pb_column][et_pb_column type=&#8220;1_3&#8243; _builder_version=&#8220;4.9.7&#8243; _module_preset=&#8220;default&#8220; global_colors_info=&#8220;{}&#8220;][et_pb_image src=&#8220;https:\/\/insyte.es\/wp-content\/uploads\/2021\/07\/montaje-de-componentes-convencionales.jpg&#8220; title_text=&#8220;montaje-de-componentes-convencionales&#8220; show_in_lightbox=&#8220;on&#8220; use_overlay=&#8220;on&#8220; overlay_icon_color=&#8220;#2565ad&#8220; hover_overlay_color=&#8220;rgba(255,255,255,0.8)&#8220; hover_icon=&#8220;%%43%%&#8220; align=&#8220;center&#8220; _builder_version=&#8220;4.9.7&#8243; _module_preset=&#8220;default&#8220; global_colors_info=&#8220;{}&#8220;][\/et_pb_image][\/et_pb_column][\/et_pb_row][\/et_pb_section]<\/p>\n","protected":false},"excerpt":{"rendered":"<p>Die Montageabteilung von Insyte S.A. verf\u00fcgt \u00fcber einen hochmodernen Maschinenpark und bem\u00fcht sich um eine st\u00e4ndige Aktualisierung, um die besten Ergebnisse ihrer Produkte zu erzielen. Die Montage der elektronischen Ger\u00e4te erfolgt in den 5500 m2 gro\u00dfen R\u00e4umlichkeiten. Dar\u00fcber hinaus engagiert sich Insyte S.A. f\u00fcr die st\u00e4ndige Weiterbildung seines Personals, was zusammen mit seiner umfangreichen Erfahrung [&hellip;]<\/p>\n","protected":false},"author":1,"featured_media":980,"parent":967,"menu_order":0,"comment_status":"closed","ping_status":"closed","template":"","meta":{"_et_pb_use_builder":"on","_et_pb_old_content":"","_et_gb_content_width":"","inline_featured_image":false,"footnotes":""},"class_list":["post-979","page","type-page","status-publish","has-post-thumbnail","hentry"],"_links":{"self":[{"href":"https:\/\/insyte.es\/de\/wp-json\/wp\/v2\/pages\/979","targetHints":{"allow":["GET"]}}],"collection":[{"href":"https:\/\/insyte.es\/de\/wp-json\/wp\/v2\/pages"}],"about":[{"href":"https:\/\/insyte.es\/de\/wp-json\/wp\/v2\/types\/page"}],"author":[{"embeddable":true,"href":"https:\/\/insyte.es\/de\/wp-json\/wp\/v2\/users\/1"}],"replies":[{"embeddable":true,"href":"https:\/\/insyte.es\/de\/wp-json\/wp\/v2\/comments?post=979"}],"version-history":[{"count":0,"href":"https:\/\/insyte.es\/de\/wp-json\/wp\/v2\/pages\/979\/revisions"}],"up":[{"embeddable":true,"href":"https:\/\/insyte.es\/de\/wp-json\/wp\/v2\/pages\/967"}],"wp:featuredmedia":[{"embeddable":true,"href":"https:\/\/insyte.es\/de\/wp-json\/wp\/v2\/media\/980"}],"wp:attachment":[{"href":"https:\/\/insyte.es\/de\/wp-json\/wp\/v2\/media?parent=979"}],"curies":[{"name":"wp","href":"https:\/\/api.w.org\/{rel}","templated":true}]}}