{"id":973,"date":"2021-06-29T10:59:57","date_gmt":"2021-06-29T10:59:57","guid":{"rendered":"https:\/\/insyte.es\/servicios\/ingenieria\/"},"modified":"2026-03-13T13:28:11","modified_gmt":"2026-03-13T13:28:11","slug":"engineering","status":"publish","type":"page","link":"https:\/\/insyte.es\/de\/serviceleistungen\/engineering\/","title":{"rendered":"Engineering"},"content":{"rendered":"<p>[et_pb_section fb_built=&#8220;1&#8243; _builder_version=&#8220;4.16&#8243; _module_preset=&#8220;default&#8220; global_colors_info=&#8220;{}&#8220;][et_pb_row column_structure=&#8220;1_2,1_2&#8243; _builder_version=&#8220;4.16&#8243; _module_preset=&#8220;default&#8220; global_colors_info=&#8220;{}&#8220;][et_pb_column type=&#8220;1_2&#8243; _builder_version=&#8220;4.16&#8243; _module_preset=&#8220;default&#8220; global_colors_info=&#8220;{}&#8220;][et_pb_text ul_type=&#8220;circle&#8220; _builder_version=&#8220;4.16&#8243; _module_preset=&#8220;default&#8220; text_font_size=&#8220;18px&#8220; text_line_height=&#8220;1.5em&#8220; ul_text_color=&#8220;#2565ad&#8220; global_colors_info=&#8220;{}&#8220;]<\/p>\n<p>Der Bereich Engineering ist f\u00fcr die Industrialisierung von Produkten und das Leiterplatten\u2011Routing zust\u00e4ndig. Bei Insyte S.A. sind wir daf\u00fcr verantwortlich, elektronische Ger\u00e4te zu aktualisieren, um deren Herstellung, Funktionalit\u00e4t und Qualit\u00e4t zu verbessern. Au\u00dferdem verf\u00fcgen wir \u00fcber die F\u00e4higkeit, produktspezifische Testb\u00e4nke zu entwickeln.<\/p>\n<p>Das Ingenieurteam von Insyte S.A. gew\u00e4hrleistet eine einwandfreie Implementierung in den Anlagen unserer Kunden und sorgt so f\u00fcr rentablere und zuverl\u00e4ssigere Produkte \u2013 stets mit pers\u00f6nlicher Betreuung und der \u00dcberwachung jedes einzelnen Prozesses.<\/p>\n<p>[\/et_pb_text][\/et_pb_column][et_pb_column type=&#8220;1_2&#8243; _builder_version=&#8220;4.16&#8243; _module_preset=&#8220;default&#8220; global_colors_info=&#8220;{}&#8220;][et_pb_text ul_type=&#8220;circle&#8220; module_id=&#8220;servicios&#8220; _builder_version=&#8220;4.16&#8243; _module_preset=&#8220;default&#8220; ul_text_color=&#8220;#2565ad&#8220; global_colors_info=&#8220;{}&#8220;]<\/p>\n<ul>\n<li><span style=\"color: #333333;\">Durchf\u00fchrung von Pr\u00fcfst\u00e4nden.<\/span><\/li>\n<li><span style=\"color: #333333;\">Verlegung von Platten.<\/span><\/li>\n<li><span style=\"color: #333333;\">Verwaltung veralteter Bauteile: Aktualisierung der Elektronik.<\/span><\/li>\n<li><span style=\"color: #333333;\">Industrialisierung elektronischer Ger\u00e4te zur Verbesserung von Herstellung, Qualit\u00e4t und Funktionalit\u00e4t.<\/span><\/li>\n<li><span style=\"color: #333333;\">Herstellung von Prototypen (einschlie\u00dflich Empfehlungsbericht, Prozessdefinition und Prozessblatt).<\/span><\/li>\n<li><span style=\"color: #333333;\">Montagedokumentation einschlie\u00dflich Routenpl\u00e4nen.<\/span><\/li>\n<li><span style=\"color: #333333;\">Erstellung von Verdrahtungspl\u00e4nen.<\/span><\/li>\n<\/ul>\n<p>[\/et_pb_text][\/et_pb_column][\/et_pb_row][et_pb_row column_structure=&#8220;1_3,1_3,1_3&#8243; make_equal=&#8220;on&#8220; _builder_version=&#8220;4.16&#8243; _module_preset=&#8220;default&#8220; max_width=&#8220;2560px&#8220; global_colors_info=&#8220;{}&#8220;][et_pb_column type=&#8220;1_3&#8243; _builder_version=&#8220;4.16&#8243; _module_preset=&#8220;default&#8220; global_colors_info=&#8220;{}&#8220;][et_pb_image src=&#8220;https:\/\/insyte.es\/wp-content\/uploads\/2021\/07\/ingenieria-bancos-de-pruebas.jpg&#8220; title_text=&#8220;ingenieria-bancos-de-pruebas&#8220; show_in_lightbox=&#8220;on&#8220; use_overlay=&#8220;on&#8220; overlay_icon_color=&#8220;#2565ad&#8220; hover_overlay_color=&#8220;rgba(255,255,255,0.8)&#8220; hover_icon=&#8220;&#x4c;||divi||400&#8243; align=&#8220;center&#8220; _builder_version=&#8220;4.16&#8243; _module_preset=&#8220;default&#8220; global_colors_info=&#8220;{}&#8220;][\/et_pb_image][\/et_pb_column][et_pb_column type=&#8220;1_3&#8243; _builder_version=&#8220;4.16&#8243; _module_preset=&#8220;default&#8220; global_colors_info=&#8220;{}&#8220;][et_pb_image src=&#8220;https:\/\/insyte.es\/wp-content\/uploads\/2021\/07\/ingenieria-fabricacion-prototipos.jpg&#8220; title_text=&#8220;ingenieria-fabricacion-prototipos&#8220; show_in_lightbox=&#8220;on&#8220; use_overlay=&#8220;on&#8220; overlay_icon_color=&#8220;#2565ad&#8220; hover_overlay_color=&#8220;rgba(255,255,255,0.8)&#8220; hover_icon=&#8220;&#x4c;||divi||400&#8243; align=&#8220;center&#8220; _builder_version=&#8220;4.16&#8243; _module_preset=&#8220;default&#8220; global_colors_info=&#8220;{}&#8220;][\/et_pb_image][\/et_pb_column][et_pb_column type=&#8220;1_3&#8243; _builder_version=&#8220;4.16&#8243; _module_preset=&#8220;default&#8220; global_colors_info=&#8220;{}&#8220;][et_pb_image src=&#8220;https:\/\/insyte.es\/wp-content\/uploads\/2021\/07\/rutado-y-pruebas-placas-ingenieria.jpg&#8220; title_text=&#8220;rutado-y-pruebas-placas-ingenieria&#8220; show_in_lightbox=&#8220;on&#8220; use_overlay=&#8220;on&#8220; overlay_icon_color=&#8220;#2565ad&#8220; hover_overlay_color=&#8220;rgba(255,255,255,0.8)&#8220; hover_icon=&#8220;&#x4c;||divi||400&#8243; align=&#8220;center&#8220; _builder_version=&#8220;4.16&#8243; _module_preset=&#8220;default&#8220; global_colors_info=&#8220;{}&#8220;][\/et_pb_image][\/et_pb_column][\/et_pb_row][\/et_pb_section]<\/p>\n","protected":false},"excerpt":{"rendered":"<p>Der Bereich Engineering ist f\u00fcr die Industrialisierung von Produkten und das Leiterplatten\u2011Routing zust\u00e4ndig. Bei Insyte S.A. sind wir daf\u00fcr verantwortlich, elektronische Ger\u00e4te zu aktualisieren, um deren Herstellung, Funktionalit\u00e4t und Qualit\u00e4t zu verbessern. Au\u00dferdem verf\u00fcgen wir \u00fcber die F\u00e4higkeit, produktspezifische Testb\u00e4nke zu entwickeln. Das Ingenieurteam von Insyte S.A. gew\u00e4hrleistet eine einwandfreie Implementierung in den Anlagen unserer [&hellip;]<\/p>\n","protected":false},"author":1,"featured_media":974,"parent":967,"menu_order":0,"comment_status":"closed","ping_status":"closed","template":"","meta":{"_et_pb_use_builder":"on","_et_pb_old_content":"","_et_gb_content_width":"","inline_featured_image":false,"footnotes":""},"class_list":["post-973","page","type-page","status-publish","has-post-thumbnail","hentry"],"_links":{"self":[{"href":"https:\/\/insyte.es\/de\/wp-json\/wp\/v2\/pages\/973","targetHints":{"allow":["GET"]}}],"collection":[{"href":"https:\/\/insyte.es\/de\/wp-json\/wp\/v2\/pages"}],"about":[{"href":"https:\/\/insyte.es\/de\/wp-json\/wp\/v2\/types\/page"}],"author":[{"embeddable":true,"href":"https:\/\/insyte.es\/de\/wp-json\/wp\/v2\/users\/1"}],"replies":[{"embeddable":true,"href":"https:\/\/insyte.es\/de\/wp-json\/wp\/v2\/comments?post=973"}],"version-history":[{"count":2,"href":"https:\/\/insyte.es\/de\/wp-json\/wp\/v2\/pages\/973\/revisions"}],"predecessor-version":[{"id":2387,"href":"https:\/\/insyte.es\/de\/wp-json\/wp\/v2\/pages\/973\/revisions\/2387"}],"up":[{"embeddable":true,"href":"https:\/\/insyte.es\/de\/wp-json\/wp\/v2\/pages\/967"}],"wp:featuredmedia":[{"embeddable":true,"href":"https:\/\/insyte.es\/de\/wp-json\/wp\/v2\/media\/974"}],"wp:attachment":[{"href":"https:\/\/insyte.es\/de\/wp-json\/wp\/v2\/media?parent=973"}],"curies":[{"name":"wp","href":"https:\/\/api.w.org\/{rel}","templated":true}]}}