{"id":1055,"date":"2021-06-24T10:13:03","date_gmt":"2021-06-24T10:13:03","guid":{"rendered":"https:\/\/insyte.es\/idi\/"},"modified":"2021-09-30T14:54:06","modified_gmt":"2021-09-30T14:54:06","slug":"innovation","status":"publish","type":"page","link":"https:\/\/insyte.es\/de\/innovation\/","title":{"rendered":"Innovation"},"content":{"rendered":"<p>[et_pb_section fb_built=&#8220;1&#8243; _builder_version=&#8220;4.9.7&#8243; _module_preset=&#8220;default&#8220;][et_pb_row _builder_version=&#8220;4.9.7&#8243; _module_preset=&#8220;default&#8220;][et_pb_column type=&#8220;4_4&#8243; _builder_version=&#8220;4.9.7&#8243; _module_preset=&#8220;default&#8220;][et_pb_text _builder_version=&#8220;4.9.10&#8243; _module_preset=&#8220;default&#8220; header_2_font=&#8220;|300|||||||&#8220; header_2_text_align=&#8220;center&#8220; header_2_line_height=&#8220;1.4em&#8220; hover_enabled=&#8220;0&#8243; sticky_enabled=&#8220;0&#8243;]<\/p>\n<h2><strong>Vom Ministerium f\u00fcr Industrie, Energie und Tourismus<\/strong> kofinanziertes Projekt im Rahmen des Nationalen Plans f\u00fcr wissenschaftliche Forschung.<\/h2>\n<p>[\/et_pb_text][\/et_pb_column][\/et_pb_row][et_pb_row column_structure=&#8220;1_3,1_3,1_3&#8243; _builder_version=&#8220;4.9.7&#8243; _module_preset=&#8220;default&#8220;][et_pb_column type=&#8220;1_3&#8243; _builder_version=&#8220;4.9.7&#8243; _module_preset=&#8220;default&#8220;][et_pb_blurb title=&#8220;Projekt REHABICTUS&#8220; image=&#8220;https:\/\/insyte.es\/wp-content\/uploads\/2021\/07\/eureka.png&#8220; _builder_version=&#8220;4.9.10&#8243; _module_preset=&#8220;default&#8220; header_font=&#8220;|700|||||||&#8220; header_text_align=&#8220;center&#8220; header_text_color=&#8220;#2565ad&#8220; body_text_align=&#8220;justify&#8220; hover_enabled=&#8220;0&#8243; custom_css_blurb_image=&#8220;margin-bottom:10px;&#8220; sticky_enabled=&#8220;0&#8243;]<\/p>\n<p>REHABICTUS ist eine gemeinsame technologische Entwicklung neuer elektronischer Ger\u00e4te auf der Grundlage k\u00fcnstlicher Intelligenz f\u00fcr die Rehabilitation von Patienten mit Hemiplegie und Hemineglect infolge eines Schlaganfalls.<\/p>\n<p>[\/et_pb_blurb][et_pb_button button_url=&#8220;https:\/\/www.insyte.es\/wp-content\/uploads\/2018\/06\/11689_insyte_certificate.pdf&#8220; button_text=&#8220;Mehr Informationen&#8220; button_alignment=&#8220;center&#8220; _builder_version=&#8220;4.9.10&#8243; _module_preset=&#8220;default&#8220; custom_padding=&#8220;5px|25px|5px|25px|true|true&#8220; hover_enabled=&#8220;0&#8243; sticky_enabled=&#8220;0&#8243;][\/et_pb_button][\/et_pb_column][et_pb_column type=&#8220;1_3&#8243; _builder_version=&#8220;4.9.7&#8243; _module_preset=&#8220;default&#8220;][et_pb_blurb title=&#8220;Projekt ROBIM&#8220; image=&#8220;https:\/\/insyte.es\/wp-content\/uploads\/2021\/07\/robim.png&#8220; _builder_version=&#8220;4.9.10&#8243; _module_preset=&#8220;default&#8220; header_font=&#8220;|700|||||||&#8220; header_text_align=&#8220;center&#8220; header_text_color=&#8220;#2565ad&#8220; body_text_align=&#8220;justify&#8220; hover_enabled=&#8220;0&#8243; custom_css_blurb_image=&#8220;margin-bottom:10px;&#8220; sticky_enabled=&#8220;0&#8243;]<\/p>\n<p>Autonome Robotik f\u00fcr die Inspektion und Bewertung von bestehenden Geb\u00e4uden mit BIM-Integration<\/p>\n<p>[\/et_pb_blurb][et_pb_button button_url=&#8220;http:\/\/www.robim.es\/&#8220; button_text=&#8220;Mehr Informationen&#8220; button_alignment=&#8220;center&#8220; _builder_version=&#8220;4.9.10&#8243; _module_preset=&#8220;default&#8220; custom_padding=&#8220;5px|25px|5px|25px|true|true&#8220; hover_enabled=&#8220;0&#8243; sticky_enabled=&#8220;0&#8243;][\/et_pb_button][\/et_pb_column][et_pb_column type=&#8220;1_3&#8243; _builder_version=&#8220;4.9.7&#8243; _module_preset=&#8220;default&#8220;][et_pb_blurb title=&#8220;Projekt PRECOIL&#8220; image=&#8220;https:\/\/insyte.es\/wp-content\/uploads\/2021\/07\/precoil.png&#8220; _builder_version=&#8220;4.9.10&#8243; _module_preset=&#8220;default&#8220; header_font=&#8220;|700|||||||&#8220; header_text_align=&#8220;center&#8220; header_text_color=&#8220;#2565ad&#8220; body_text_align=&#8220;justify&#8220; hover_enabled=&#8220;0&#8243; custom_css_blurb_image=&#8220;margin-bottom:10px;&#8220; sticky_enabled=&#8220;0&#8243;]<\/p>\n<p>Neue intelligente kollektive Pr\u00e4ventionssysteme in dynamischen linearen Infrastrukturumgebungen<\/p>\n<p>[\/et_pb_blurb][et_pb_button button_url=&#8220;https:\/\/www.insyte.es\/wp-content\/uploads\/2017\/07\/precoil.pdf&#8220; button_text=&#8220;Mehr Informationen&#8220; button_alignment=&#8220;center&#8220; _builder_version=&#8220;4.9.10&#8243; _module_preset=&#8220;default&#8220; custom_padding=&#8220;5px|25px|5px|25px|true|true&#8220; hover_enabled=&#8220;0&#8243; sticky_enabled=&#8220;0&#8243;][\/et_pb_button][\/et_pb_column][\/et_pb_row][et_pb_row column_structure=&#8220;1_3,1_3,1_3&#8243; _builder_version=&#8220;4.9.7&#8243; _module_preset=&#8220;default&#8220;][et_pb_column type=&#8220;1_3&#8243; _builder_version=&#8220;4.9.7&#8243; _module_preset=&#8220;default&#8220;][et_pb_blurb title=&#8220;Projekt PAUTA&#8220; image=&#8220;https:\/\/insyte.es\/wp-content\/uploads\/2021\/07\/pauta.png&#8220; _builder_version=&#8220;4.9.10&#8243; _module_preset=&#8220;default&#8220; header_font=&#8220;|700|||||||&#8220; header_text_align=&#8220;center&#8220; header_text_color=&#8220;#2565ad&#8220; body_text_align=&#8220;justify&#8220; hover_enabled=&#8220;0&#8243; custom_css_blurb_image=&#8220;margin-bottom:10px;&#8220; sticky_enabled=&#8220;0&#8243;]<\/p>\n<p>Das PAUTA-Projekt wird vom Ministerium f\u00fcr Industrie, Energie und Tourismus im Rahmen des Avanza-Plans und des Unterprogramms Avanza Competitiveness R&amp;D&amp;I (Projekt TSI-020302-2010-131) sowie von der Europ\u00e4ischen Union aus EFRE-Mitteln kofinanziert.<\/p>\n<p>[\/et_pb_blurb][et_pb_button button_url=&#8220;http:\/\/www.pauta.ceiec.es\/&#8220; button_text=&#8220;Mehr Informationen&#8220; button_alignment=&#8220;center&#8220; _builder_version=&#8220;4.9.10&#8243; _module_preset=&#8220;default&#8220; custom_padding=&#8220;5px|25px|5px|25px|true|true&#8220; hover_enabled=&#8220;0&#8243; sticky_enabled=&#8220;0&#8243;][\/et_pb_button][\/et_pb_column][et_pb_column type=&#8220;1_3&#8243; _builder_version=&#8220;4.9.7&#8243; _module_preset=&#8220;default&#8220;][et_pb_blurb title=&#8220;Projekt S2S i-Project&#8220; image=&#8220;https:\/\/insyte.es\/wp-content\/uploads\/2021\/07\/s2s-i-project.png&#8220; _builder_version=&#8220;4.9.10&#8243; _module_preset=&#8220;default&#8220; header_font=&#8220;|700|||||||&#8220; header_text_align=&#8220;center&#8220; header_text_color=&#8220;#2565ad&#8220; body_text_align=&#8220;justify&#8220; hover_enabled=&#8220;0&#8243; custom_css_blurb_image=&#8220;margin-bottom:10px;&#8220; sticky_enabled=&#8220;0&#8243;]<\/p>\n<p>Im Rahmen des Projekts wird ein intelligentes ECO-Supervisor-System entwickelt, das aus einer Wolke von Funksendern besteht. Systeme zur Unterst\u00fctzung von Pflegebed\u00fcrftigen durch die Untersuchung eines intelligenten Netzes von drahtlosen RF-Sensoren, die zentralisierte Pflegeanwendungen unterst\u00fctzen k\u00f6nnten.<\/p>\n<p>[\/et_pb_blurb][et_pb_button button_url=&#8220;https:\/\/www.insyte.es\/wp-content\/uploads\/2017\/07\/proyectoS2S.pdf&#8220; button_text=&#8220;Mehr Informationen&#8220; button_alignment=&#8220;center&#8220; _builder_version=&#8220;4.9.10&#8243; _module_preset=&#8220;default&#8220; custom_padding=&#8220;5px|25px|5px|25px|true|true&#8220; hover_enabled=&#8220;0&#8243; sticky_enabled=&#8220;0&#8243;][\/et_pb_button][\/et_pb_column][et_pb_column type=&#8220;1_3&#8243; _builder_version=&#8220;4.9.7&#8243; _module_preset=&#8220;default&#8220;][\/et_pb_column][\/et_pb_row][\/et_pb_section]<\/p>\n","protected":false},"excerpt":{"rendered":"<p>Vom Ministerium f\u00fcr Industrie, Energie und Tourismus kofinanziertes Projekt im Rahmen des Nationalen Plans f\u00fcr wissenschaftliche Forschung.REHABICTUS ist eine gemeinsame technologische Entwicklung neuer elektronischer Ger\u00e4te auf der Grundlage k\u00fcnstlicher Intelligenz f\u00fcr die Rehabilitation von Patienten mit Hemiplegie und Hemineglect infolge eines Schlaganfalls.Autonome Robotik f\u00fcr die Inspektion und Bewertung von bestehenden Geb\u00e4uden mit BIM-IntegrationNeue intelligente kollektive [&hellip;]<\/p>\n","protected":false},"author":1,"featured_media":1056,"parent":0,"menu_order":0,"comment_status":"closed","ping_status":"closed","template":"","meta":{"_et_pb_use_builder":"on","_et_pb_old_content":"","_et_gb_content_width":"","inline_featured_image":false,"footnotes":""},"class_list":["post-1055","page","type-page","status-publish","has-post-thumbnail","hentry"],"_links":{"self":[{"href":"https:\/\/insyte.es\/de\/wp-json\/wp\/v2\/pages\/1055","targetHints":{"allow":["GET"]}}],"collection":[{"href":"https:\/\/insyte.es\/de\/wp-json\/wp\/v2\/pages"}],"about":[{"href":"https:\/\/insyte.es\/de\/wp-json\/wp\/v2\/types\/page"}],"author":[{"embeddable":true,"href":"https:\/\/insyte.es\/de\/wp-json\/wp\/v2\/users\/1"}],"replies":[{"embeddable":true,"href":"https:\/\/insyte.es\/de\/wp-json\/wp\/v2\/comments?post=1055"}],"version-history":[{"count":0,"href":"https:\/\/insyte.es\/de\/wp-json\/wp\/v2\/pages\/1055\/revisions"}],"wp:featuredmedia":[{"embeddable":true,"href":"https:\/\/insyte.es\/de\/wp-json\/wp\/v2\/media\/1056"}],"wp:attachment":[{"href":"https:\/\/insyte.es\/de\/wp-json\/wp\/v2\/media?parent=1055"}],"curies":[{"name":"wp","href":"https:\/\/api.w.org\/{rel}","templated":true}]}}