{"id":1048,"date":"2021-07-22T11:51:41","date_gmt":"2021-07-22T11:51:41","guid":{"rendered":"https:\/\/insyte.es\/sectores\/electronica-industrial\/"},"modified":"2021-10-04T14:23:40","modified_gmt":"2021-10-04T14:23:40","slug":"telekommunikation-und-elektroindustrie","status":"publish","type":"page","link":"https:\/\/insyte.es\/de\/branchen\/telekommunikation-und-elektroindustrie\/","title":{"rendered":"Telekommunikation und Elektroindustrie"},"content":{"rendered":"<p>[et_pb_section fb_built=&#8220;1&#8243; _builder_version=&#8220;4.9.10&#8243; _module_preset=&#8220;default&#8220; global_colors_info=&#8220;{}&#8220;][et_pb_row _builder_version=&#8220;4.9.10&#8243; _module_preset=&#8220;default&#8220; global_colors_info=&#8220;{}&#8220;][et_pb_column type=&#8220;4_4&#8243; _builder_version=&#8220;4.9.10&#8243; _module_preset=&#8220;default&#8220; global_colors_info=&#8220;{}&#8220;][et_pb_text _builder_version=&#8220;4.11.0&#8243; _module_preset=&#8220;default&#8220; text_font_size=&#8220;18px&#8220; text_line_height=&#8220;1.6em&#8220; global_colors_info=&#8220;{}&#8220;]<\/p>\n<p>Bei Insyte S.A. gehen Zuverl\u00e4ssigkeit und Qualit\u00e4t Hand in Hand. Wir stellen Hochfrequenzger\u00e4te (RF) sowie integrierte Systeme in Kommunikationszentren her. Seit 30 Jahren sind wir f\u00fchrend in der Entwicklung, Herstellung und Implementierung dieser Systeme, da unsere Anf\u00e4nge in diesem Bereich liegen.<\/p>\n<p>[\/et_pb_text][\/et_pb_column][\/et_pb_row][et_pb_row column_structure=&#8220;1_3,1_3,1_3&#8243; _builder_version=&#8220;4.9.10&#8243; _module_preset=&#8220;default&#8220; max_width=&#8220;2560px&#8220; global_colors_info=&#8220;{}&#8220;][et_pb_column type=&#8220;1_3&#8243; _builder_version=&#8220;4.9.10&#8243; _module_preset=&#8220;default&#8220; global_colors_info=&#8220;{}&#8220;][et_pb_image src=&#8220;https:\/\/insyte.es\/wp-content\/uploads\/2021\/10\/electronica-industrial-insyte.jpg&#8220; title_text=&#8220;electronica-industrial-insyte&#8220; _builder_version=&#8220;4.11.0&#8243; _module_preset=&#8220;default&#8220; hover_enabled=&#8220;0&#8243; global_colors_info=&#8220;{}&#8220; sticky_enabled=&#8220;0&#8243;][\/et_pb_image][\/et_pb_column][et_pb_column type=&#8220;1_3&#8243; _builder_version=&#8220;4.9.10&#8243; _module_preset=&#8220;default&#8220; global_colors_info=&#8220;{}&#8220;][et_pb_image src=&#8220;https:\/\/insyte.es\/wp-content\/uploads\/2021\/10\/electronica-industrial-empresas.jpg&#8220; title_text=&#8220;electronica-industrial-empresas&#8220; _builder_version=&#8220;4.11.0&#8243; _module_preset=&#8220;default&#8220; hover_enabled=&#8220;0&#8243; global_colors_info=&#8220;{}&#8220; sticky_enabled=&#8220;0&#8243;][\/et_pb_image][\/et_pb_column][et_pb_column type=&#8220;1_3&#8243; _builder_version=&#8220;4.9.10&#8243; _module_preset=&#8220;default&#8220; global_colors_info=&#8220;{}&#8220;][et_pb_image src=&#8220;https:\/\/insyte.es\/wp-content\/uploads\/2021\/10\/empresa-electronica-industrial-insyte.jpg&#8220; title_text=&#8220;empresa-electronica-industrial-insyte&#8220; _builder_version=&#8220;4.11.0&#8243; _module_preset=&#8220;default&#8220; hover_enabled=&#8220;0&#8243; global_colors_info=&#8220;{}&#8220; sticky_enabled=&#8220;0&#8243;][\/et_pb_image][\/et_pb_column][\/et_pb_row][\/et_pb_section]<\/p>\n","protected":false},"excerpt":{"rendered":"<p>Bei Insyte S.A. gehen Zuverl\u00e4ssigkeit und Qualit\u00e4t Hand in Hand. Wir stellen Hochfrequenzger\u00e4te (RF) sowie integrierte Systeme in Kommunikationszentren her. Seit 30 Jahren sind wir f\u00fchrend in der Entwicklung, Herstellung und Implementierung dieser Systeme, da unsere Anf\u00e4nge in diesem Bereich liegen.<\/p>\n","protected":false},"author":1,"featured_media":1050,"parent":1003,"menu_order":0,"comment_status":"closed","ping_status":"closed","template":"","meta":{"_et_pb_use_builder":"on","_et_pb_old_content":"","_et_gb_content_width":"","inline_featured_image":false,"footnotes":""},"class_list":["post-1048","page","type-page","status-publish","has-post-thumbnail","hentry"],"_links":{"self":[{"href":"https:\/\/insyte.es\/de\/wp-json\/wp\/v2\/pages\/1048","targetHints":{"allow":["GET"]}}],"collection":[{"href":"https:\/\/insyte.es\/de\/wp-json\/wp\/v2\/pages"}],"about":[{"href":"https:\/\/insyte.es\/de\/wp-json\/wp\/v2\/types\/page"}],"author":[{"embeddable":true,"href":"https:\/\/insyte.es\/de\/wp-json\/wp\/v2\/users\/1"}],"replies":[{"embeddable":true,"href":"https:\/\/insyte.es\/de\/wp-json\/wp\/v2\/comments?post=1048"}],"version-history":[{"count":0,"href":"https:\/\/insyte.es\/de\/wp-json\/wp\/v2\/pages\/1048\/revisions"}],"up":[{"embeddable":true,"href":"https:\/\/insyte.es\/de\/wp-json\/wp\/v2\/pages\/1003"}],"wp:featuredmedia":[{"embeddable":true,"href":"https:\/\/insyte.es\/de\/wp-json\/wp\/v2\/media\/1050"}],"wp:attachment":[{"href":"https:\/\/insyte.es\/de\/wp-json\/wp\/v2\/media?parent=1048"}],"curies":[{"name":"wp","href":"https:\/\/api.w.org\/{rel}","templated":true}]}}