{"id":1040,"date":"2021-07-22T11:45:19","date_gmt":"2021-07-22T11:45:19","guid":{"rendered":"https:\/\/insyte.es\/sectores\/naval\/"},"modified":"2021-10-01T13:33:28","modified_gmt":"2021-10-01T13:33:28","slug":"ziviler-schiffbau-und-marine","status":"publish","type":"page","link":"https:\/\/insyte.es\/de\/branchen\/ziviler-schiffbau-und-marine\/","title":{"rendered":"Ziviler Schiffbau und Marine"},"content":{"rendered":"<p>[et_pb_section fb_built=&#8220;1&#8243; _builder_version=&#8220;4.9.10&#8243; _module_preset=&#8220;default&#8220; global_colors_info=&#8220;{}&#8220;][et_pb_row _builder_version=&#8220;4.9.10&#8243; _module_preset=&#8220;default&#8220; global_colors_info=&#8220;{}&#8220;][et_pb_column type=&#8220;4_4&#8243; _builder_version=&#8220;4.9.10&#8243; _module_preset=&#8220;default&#8220; global_colors_info=&#8220;{}&#8220;][et_pb_text _builder_version=&#8220;4.11.0&#8243; _module_preset=&#8220;default&#8220; text_font_size=&#8220;18px&#8220; text_line_height=&#8220;1.6em&#8220; hover_enabled=&#8220;0&#8243; global_colors_info=&#8220;{}&#8220; sticky_enabled=&#8220;0&#8243;]<\/p>\n<p>Bei Insyte S.A. stellen wir elektronische Ausr\u00fcstung f\u00fcr den zivilen und milit\u00e4rischen Bereich der Marine her. Wir entwickeln die neueste Technologie f\u00fcr integrierte Systeme in allen Arten von Schiffen in verschiedenen Bereichen.<\/p>\n<p>Insyte S.A. hat sich der Entwicklung von Dienstleistungen h\u00f6chster Qualit\u00e4t und Kundenzufriedenheit verschrieben. Aus diesem Grund verf\u00fcgen wir \u00fcber ein Team von Fachleuten in diesem Bereich, um die besten Ergebnisse zu erzielen, und zwar mit der Garantie, die der Kunde ben\u00f6tigt.<\/p>\n<p>[\/et_pb_text][\/et_pb_column][\/et_pb_row][et_pb_row column_structure=&#8220;1_3,1_3,1_3&#8243; _builder_version=&#8220;4.9.10&#8243; _module_preset=&#8220;default&#8220; max_width=&#8220;2560px&#8220; global_colors_info=&#8220;{}&#8220;][et_pb_column type=&#8220;1_3&#8243; _builder_version=&#8220;4.9.10&#8243; _module_preset=&#8220;default&#8220; global_colors_info=&#8220;{}&#8220;][et_pb_image src=&#8220;https:\/\/insyte.es\/wp-content\/uploads\/2021\/07\/s_naval_2.jpg&#8220; title_text=&#8220;s_naval_2&#8243; _builder_version=&#8220;4.9.10&#8243; _module_preset=&#8220;default&#8220; global_colors_info=&#8220;{}&#8220;][\/et_pb_image][\/et_pb_column][et_pb_column type=&#8220;1_3&#8243; _builder_version=&#8220;4.9.10&#8243; _module_preset=&#8220;default&#8220; global_colors_info=&#8220;{}&#8220;][et_pb_image src=&#8220;https:\/\/insyte.es\/wp-content\/uploads\/2021\/07\/s_naval_1.jpg&#8220; title_text=&#8220;s_naval_1&#8243; _builder_version=&#8220;4.9.10&#8243; _module_preset=&#8220;default&#8220; global_colors_info=&#8220;{}&#8220;][\/et_pb_image][\/et_pb_column][et_pb_column type=&#8220;1_3&#8243; _builder_version=&#8220;4.9.10&#8243; _module_preset=&#8220;default&#8220; global_colors_info=&#8220;{}&#8220;][et_pb_image src=&#8220;https:\/\/insyte.es\/wp-content\/uploads\/2021\/07\/s_naval_3.jpg&#8220; title_text=&#8220;s_naval_3&#8243; _builder_version=&#8220;4.9.10&#8243; _module_preset=&#8220;default&#8220; global_colors_info=&#8220;{}&#8220;][\/et_pb_image][\/et_pb_column][\/et_pb_row][\/et_pb_section]<\/p>\n","protected":false},"excerpt":{"rendered":"<p>Bei Insyte S.A. stellen wir elektronische Ausr\u00fcstung f\u00fcr den zivilen und milit\u00e4rischen Bereich der Marine her. Wir entwickeln die neueste Technologie f\u00fcr integrierte Systeme in allen Arten von Schiffen in verschiedenen Bereichen. Insyte S.A. hat sich der Entwicklung von Dienstleistungen h\u00f6chster Qualit\u00e4t und Kundenzufriedenheit verschrieben. Aus diesem Grund verf\u00fcgen wir \u00fcber ein Team von Fachleuten [&hellip;]<\/p>\n","protected":false},"author":1,"featured_media":1041,"parent":1003,"menu_order":0,"comment_status":"closed","ping_status":"closed","template":"","meta":{"_et_pb_use_builder":"on","_et_pb_old_content":"","_et_gb_content_width":"","inline_featured_image":false,"footnotes":""},"class_list":["post-1040","page","type-page","status-publish","has-post-thumbnail","hentry"],"_links":{"self":[{"href":"https:\/\/insyte.es\/de\/wp-json\/wp\/v2\/pages\/1040","targetHints":{"allow":["GET"]}}],"collection":[{"href":"https:\/\/insyte.es\/de\/wp-json\/wp\/v2\/pages"}],"about":[{"href":"https:\/\/insyte.es\/de\/wp-json\/wp\/v2\/types\/page"}],"author":[{"embeddable":true,"href":"https:\/\/insyte.es\/de\/wp-json\/wp\/v2\/users\/1"}],"replies":[{"embeddable":true,"href":"https:\/\/insyte.es\/de\/wp-json\/wp\/v2\/comments?post=1040"}],"version-history":[{"count":0,"href":"https:\/\/insyte.es\/de\/wp-json\/wp\/v2\/pages\/1040\/revisions"}],"up":[{"embeddable":true,"href":"https:\/\/insyte.es\/de\/wp-json\/wp\/v2\/pages\/1003"}],"wp:featuredmedia":[{"embeddable":true,"href":"https:\/\/insyte.es\/de\/wp-json\/wp\/v2\/media\/1041"}],"wp:attachment":[{"href":"https:\/\/insyte.es\/de\/wp-json\/wp\/v2\/media?parent=1040"}],"curies":[{"name":"wp","href":"https:\/\/api.w.org\/{rel}","templated":true}]}}