{"id":1021,"date":"2021-07-22T11:05:21","date_gmt":"2021-07-22T11:05:21","guid":{"rendered":"https:\/\/insyte.es\/sectores\/seguridad-y-defensa\/"},"modified":"2021-10-01T13:29:21","modified_gmt":"2021-10-01T13:29:21","slug":"verteidigung","status":"publish","type":"page","link":"https:\/\/insyte.es\/de\/branchen\/verteidigung\/","title":{"rendered":"Verteidigung"},"content":{"rendered":"<p>[et_pb_section fb_built=&#8220;1&#8243; _builder_version=&#8220;4.9.10&#8243; _module_preset=&#8220;default&#8220; global_colors_info=&#8220;{}&#8220;][et_pb_row _builder_version=&#8220;4.9.10&#8243; _module_preset=&#8220;default&#8220; global_colors_info=&#8220;{}&#8220;][et_pb_column type=&#8220;4_4&#8243; _builder_version=&#8220;4.9.10&#8243; _module_preset=&#8220;default&#8220; global_colors_info=&#8220;{}&#8220;][et_pb_text _builder_version=&#8220;4.11.0&#8243; _module_preset=&#8220;default&#8220; text_font_size=&#8220;18px&#8220; text_line_height=&#8220;1.6em&#8220; hover_enabled=&#8220;0&#8243; global_colors_info=&#8220;{}&#8220; sticky_enabled=&#8220;0&#8243;]<\/p>\n<p>Wir liefern hochwertige und pr\u00e4zise Ausr\u00fcstungen und Verkabelungen, die sich auf die Sicherheit und Verteidigung von Milit\u00e4rfahrzeugen konzentrieren, in denen Insyte S.A. ein f\u00fchrendes Unternehmen der Hochtechnologie mit umfassender Erfahrung in diesem Sektor geworden ist, mit einem hochqualifizierten Team und einer klaren Berufung, dem Kunden die besten L\u00f6sungen zu bieten.<\/p>\n<p>[\/et_pb_text][\/et_pb_column][\/et_pb_row][et_pb_row column_structure=&#8220;1_3,1_3,1_3&#8243; make_equal=&#8220;on&#8220; _builder_version=&#8220;4.9.10&#8243; _module_preset=&#8220;default&#8220; max_width=&#8220;2560px&#8220; global_colors_info=&#8220;{}&#8220;][et_pb_column type=&#8220;1_3&#8243; _builder_version=&#8220;4.9.10&#8243; _module_preset=&#8220;default&#8220; global_colors_info=&#8220;{}&#8220;][et_pb_image src=&#8220;https:\/\/insyte.es\/wp-content\/uploads\/2021\/07\/defensa_4.jpg&#8220; title_text=&#8220;defensa_4&#8243; _builder_version=&#8220;4.9.10&#8243; _module_preset=&#8220;default&#8220; global_colors_info=&#8220;{}&#8220;][\/et_pb_image][\/et_pb_column][et_pb_column type=&#8220;1_3&#8243; _builder_version=&#8220;4.9.10&#8243; _module_preset=&#8220;default&#8220; global_colors_info=&#8220;{}&#8220;][et_pb_image src=&#8220;https:\/\/insyte.es\/wp-content\/uploads\/2021\/07\/defensa_3.jpg&#8220; title_text=&#8220;defensa_3&#8243; _builder_version=&#8220;4.9.10&#8243; _module_preset=&#8220;default&#8220; global_colors_info=&#8220;{}&#8220;][\/et_pb_image][\/et_pb_column][et_pb_column type=&#8220;1_3&#8243; _builder_version=&#8220;4.9.10&#8243; _module_preset=&#8220;default&#8220; global_colors_info=&#8220;{}&#8220;][et_pb_image src=&#8220;https:\/\/insyte.es\/wp-content\/uploads\/2021\/07\/defensa_1.jpg&#8220; title_text=&#8220;defensa_1&#8243; _builder_version=&#8220;4.9.10&#8243; _module_preset=&#8220;default&#8220; global_colors_info=&#8220;{}&#8220;][\/et_pb_image][\/et_pb_column][\/et_pb_row][et_pb_row column_structure=&#8220;1_3,1_3,1_3&#8243; make_equal=&#8220;on&#8220; _builder_version=&#8220;4.9.10&#8243; _module_preset=&#8220;default&#8220; max_width=&#8220;2560px&#8220; global_colors_info=&#8220;{}&#8220;][et_pb_column type=&#8220;1_3&#8243; _builder_version=&#8220;4.9.10&#8243; _module_preset=&#8220;default&#8220; global_colors_info=&#8220;{}&#8220;][et_pb_image src=&#8220;https:\/\/insyte.es\/wp-content\/uploads\/2021\/07\/defensa_2.jpg&#8220; title_text=&#8220;defensa_2&#8243; _builder_version=&#8220;4.9.10&#8243; _module_preset=&#8220;default&#8220; global_colors_info=&#8220;{}&#8220;][\/et_pb_image][\/et_pb_column][et_pb_column type=&#8220;1_3&#8243; _builder_version=&#8220;4.9.10&#8243; _module_preset=&#8220;default&#8220; global_colors_info=&#8220;{}&#8220;][et_pb_image src=&#8220;https:\/\/insyte.es\/wp-content\/uploads\/2021\/07\/defensa_5.jpg&#8220; title_text=&#8220;defensa_5&#8243; _builder_version=&#8220;4.9.10&#8243; _module_preset=&#8220;default&#8220; global_colors_info=&#8220;{}&#8220;][\/et_pb_image][\/et_pb_column][et_pb_column type=&#8220;1_3&#8243; _builder_version=&#8220;4.9.10&#8243; _module_preset=&#8220;default&#8220; global_colors_info=&#8220;{}&#8220;][\/et_pb_column][\/et_pb_row][\/et_pb_section]<\/p>\n","protected":false},"excerpt":{"rendered":"<p>Wir liefern hochwertige und pr\u00e4zise Ausr\u00fcstungen und Verkabelungen, die sich auf die Sicherheit und Verteidigung von Milit\u00e4rfahrzeugen konzentrieren, in denen Insyte S.A. ein f\u00fchrendes Unternehmen der Hochtechnologie mit umfassender Erfahrung in diesem Sektor geworden ist, mit einem hochqualifizierten Team und einer klaren Berufung, dem Kunden die besten L\u00f6sungen zu bieten.<\/p>\n","protected":false},"author":1,"featured_media":1023,"parent":1003,"menu_order":0,"comment_status":"closed","ping_status":"closed","template":"","meta":{"_et_pb_use_builder":"on","_et_pb_old_content":"","_et_gb_content_width":"","inline_featured_image":false,"footnotes":""},"class_list":["post-1021","page","type-page","status-publish","has-post-thumbnail","hentry"],"_links":{"self":[{"href":"https:\/\/insyte.es\/de\/wp-json\/wp\/v2\/pages\/1021","targetHints":{"allow":["GET"]}}],"collection":[{"href":"https:\/\/insyte.es\/de\/wp-json\/wp\/v2\/pages"}],"about":[{"href":"https:\/\/insyte.es\/de\/wp-json\/wp\/v2\/types\/page"}],"author":[{"embeddable":true,"href":"https:\/\/insyte.es\/de\/wp-json\/wp\/v2\/users\/1"}],"replies":[{"embeddable":true,"href":"https:\/\/insyte.es\/de\/wp-json\/wp\/v2\/comments?post=1021"}],"version-history":[{"count":0,"href":"https:\/\/insyte.es\/de\/wp-json\/wp\/v2\/pages\/1021\/revisions"}],"up":[{"embeddable":true,"href":"https:\/\/insyte.es\/de\/wp-json\/wp\/v2\/pages\/1003"}],"wp:featuredmedia":[{"embeddable":true,"href":"https:\/\/insyte.es\/de\/wp-json\/wp\/v2\/media\/1023"}],"wp:attachment":[{"href":"https:\/\/insyte.es\/de\/wp-json\/wp\/v2\/media?parent=1021"}],"curies":[{"name":"wp","href":"https:\/\/api.w.org\/{rel}","templated":true}]}}