{"id":1011,"date":"2021-07-22T10:37:03","date_gmt":"2021-07-22T10:37:03","guid":{"rendered":"https:\/\/insyte.es\/sectores\/avionica-y-espacio\/"},"modified":"2021-10-01T13:27:19","modified_gmt":"2021-10-01T13:27:19","slug":"zivile-und-militaerische-luftfahrt","status":"publish","type":"page","link":"https:\/\/insyte.es\/de\/branchen\/zivile-und-militaerische-luftfahrt\/","title":{"rendered":"Zivile und milit\u00e4rische Luftfahrt"},"content":{"rendered":"<p>[et_pb_section fb_built=&#8220;1&#8243; _builder_version=&#8220;4.9.10&#8243; _module_preset=&#8220;default&#8220; global_colors_info=&#8220;{}&#8220;][et_pb_row _builder_version=&#8220;4.9.10&#8243; _module_preset=&#8220;default&#8220; global_colors_info=&#8220;{}&#8220;][et_pb_column type=&#8220;4_4&#8243; _builder_version=&#8220;4.9.10&#8243; _module_preset=&#8220;default&#8220; global_colors_info=&#8220;{}&#8220;][et_pb_text _builder_version=&#8220;4.11.0&#8243; _module_preset=&#8220;default&#8220; text_font_size=&#8220;18px&#8220; text_line_height=&#8220;1.6em&#8220; hover_enabled=&#8220;0&#8243; global_colors_info=&#8220;{}&#8220; sticky_enabled=&#8220;0&#8243;]<br \/>\nInsyte S.A. verf\u00fcgt \u00fcber umfangreiche Erfahrung in der Herstellung von elektronischen Systemen f\u00fcr die Luftfahrt. Wir m\u00f6chten besonders betonen, dass unsere Systeme alle von der Branche geforderten Zertifizierungen und Anforderungen strikt erf\u00fcllen.<\/p>\n<p>Unsere Berufung zur Kundenbetreuung macht uns zu den besten Technologiepartnern. Priorit\u00e4t in der Verwaltung ist eine unserer Maximen, zusammen mit den Lieferungen, die wir mit \u00e4u\u00dferster Zuverl\u00e4ssigkeit und Schnelligkeit erf\u00fcllen.<br \/>\n[\/et_pb_text][\/et_pb_column][\/et_pb_row][et_pb_row column_structure=&#8220;1_3,1_3,1_3&#8243; _builder_version=&#8220;4.9.10&#8243; _module_preset=&#8220;default&#8220; max_width=&#8220;2560px&#8220; global_colors_info=&#8220;{}&#8220;][et_pb_column type=&#8220;1_3&#8243; _builder_version=&#8220;4.9.10&#8243; _module_preset=&#8220;default&#8220; global_colors_info=&#8220;{}&#8220;][et_pb_image src=&#8220;https:\/\/insyte.es\/wp-content\/uploads\/2021\/07\/avionica_3.jpg&#8220; title_text=&#8220;avionica_3&#8243; _builder_version=&#8220;4.9.10&#8243; _module_preset=&#8220;default&#8220; global_colors_info=&#8220;{}&#8220;][\/et_pb_image][\/et_pb_column][et_pb_column type=&#8220;1_3&#8243; _builder_version=&#8220;4.9.10&#8243; _module_preset=&#8220;default&#8220; global_colors_info=&#8220;{}&#8220;][et_pb_image src=&#8220;https:\/\/insyte.es\/wp-content\/uploads\/2021\/07\/avionica_2.jpg&#8220; title_text=&#8220;avionica_2&#8243; _builder_version=&#8220;4.9.10&#8243; _module_preset=&#8220;default&#8220; global_colors_info=&#8220;{}&#8220;][\/et_pb_image][\/et_pb_column][et_pb_column type=&#8220;1_3&#8243; _builder_version=&#8220;4.9.10&#8243; _module_preset=&#8220;default&#8220; global_colors_info=&#8220;{}&#8220;][et_pb_image src=&#8220;https:\/\/insyte.es\/wp-content\/uploads\/2021\/07\/avionica_1.jpg&#8220; title_text=&#8220;avionica_1&#8243; _builder_version=&#8220;4.9.10&#8243; _module_preset=&#8220;default&#8220; global_colors_info=&#8220;{}&#8220;][\/et_pb_image][\/et_pb_column][\/et_pb_row][\/et_pb_section]<\/p>\n","protected":false},"excerpt":{"rendered":"<p>Insyte S.A. verf\u00fcgt \u00fcber umfangreiche Erfahrung in der Herstellung von elektronischen Systemen f\u00fcr die Luftfahrt. Wir m\u00f6chten besonders betonen, dass unsere Systeme alle von der Branche geforderten Zertifizierungen und Anforderungen strikt erf\u00fcllen. Unsere Berufung zur Kundenbetreuung macht uns zu den besten Technologiepartnern. Priorit\u00e4t in der Verwaltung ist eine unserer Maximen, zusammen mit den Lieferungen, die [&hellip;]<\/p>\n","protected":false},"author":1,"featured_media":1013,"parent":1003,"menu_order":0,"comment_status":"closed","ping_status":"closed","template":"","meta":{"_et_pb_use_builder":"on","_et_pb_old_content":"","_et_gb_content_width":"","inline_featured_image":false,"footnotes":""},"class_list":["post-1011","page","type-page","status-publish","has-post-thumbnail","hentry"],"_links":{"self":[{"href":"https:\/\/insyte.es\/de\/wp-json\/wp\/v2\/pages\/1011","targetHints":{"allow":["GET"]}}],"collection":[{"href":"https:\/\/insyte.es\/de\/wp-json\/wp\/v2\/pages"}],"about":[{"href":"https:\/\/insyte.es\/de\/wp-json\/wp\/v2\/types\/page"}],"author":[{"embeddable":true,"href":"https:\/\/insyte.es\/de\/wp-json\/wp\/v2\/users\/1"}],"replies":[{"embeddable":true,"href":"https:\/\/insyte.es\/de\/wp-json\/wp\/v2\/comments?post=1011"}],"version-history":[{"count":0,"href":"https:\/\/insyte.es\/de\/wp-json\/wp\/v2\/pages\/1011\/revisions"}],"up":[{"embeddable":true,"href":"https:\/\/insyte.es\/de\/wp-json\/wp\/v2\/pages\/1003"}],"wp:featuredmedia":[{"embeddable":true,"href":"https:\/\/insyte.es\/de\/wp-json\/wp\/v2\/media\/1013"}],"wp:attachment":[{"href":"https:\/\/insyte.es\/de\/wp-json\/wp\/v2\/media?parent=1011"}],"curies":[{"name":"wp","href":"https:\/\/api.w.org\/{rel}","templated":true}]}}